{"id":106,"date":"2017-08-12T18:29:23","date_gmt":"2017-08-12T18:29:23","guid":{"rendered":"http:\/\/demo.acmethemes.com\/medical-circle\/?page_id=51"},"modified":"2023-06-05T16:10:49","modified_gmt":"2023-06-05T16:10:49","slug":"new-technology-dental-services","status":"publish","type":"page","link":"https:\/\/cliniqueenroute.com\/fr\/new-technology-dental-services\/","title":{"rendered":"Clinique En Route Laval"},"content":{"rendered":"","protected":false},"excerpt":{"rendered":"<p>La b\u00e2tisse m\u00e9dicale certifi\u00e9e LEED accueillera sous un seul toit La clinique m\u00e9dicale En Route, Kinatex, la clinique d\u2019endodontie Vincent Marqui\u2026<\/p>","protected":false},"author":1,"featured_media":0,"parent":0,"menu_order":25,"comment_status":"closed","ping_status":"closed","template":"","meta":[],"_links":{"self":[{"href":"https:\/\/cliniqueenroute.com\/fr\/wp-json\/wp\/v2\/pages\/106"}],"collection":[{"href":"https:\/\/cliniqueenroute.com\/fr\/wp-json\/wp\/v2\/pages"}],"about":[{"href":"https:\/\/cliniqueenroute.com\/fr\/wp-json\/wp\/v2\/types\/page"}],"author":[{"embeddable":true,"href":"https:\/\/cliniqueenroute.com\/fr\/wp-json\/wp\/v2\/users\/1"}],"replies":[{"embeddable":true,"href":"https:\/\/cliniqueenroute.com\/fr\/wp-json\/wp\/v2\/comments?post=106"}],"version-history":[{"count":6,"href":"https:\/\/cliniqueenroute.com\/fr\/wp-json\/wp\/v2\/pages\/106\/revisions"}],"predecessor-version":[{"id":813,"href":"https:\/\/cliniqueenroute.com\/fr\/wp-json\/wp\/v2\/pages\/106\/revisions\/813"}],"wp:attachment":[{"href":"https:\/\/cliniqueenroute.com\/fr\/wp-json\/wp\/v2\/media?parent=106"}],"curies":[{"name":"wp","href":"https:\/\/api.w.org\/{rel}","templated":true}]}}