{"id":114,"date":"2017-08-12T17:22:06","date_gmt":"2017-08-12T17:22:06","guid":{"rendered":"http:\/\/demo.acmethemes.com\/medical-circle\/?page_id=31"},"modified":"2023-05-30T01:56:05","modified_gmt":"2023-05-30T01:56:05","slug":"careers","status":"publish","type":"page","link":"https:\/\/cliniqueenroute.com\/fr\/careers\/","title":{"rendered":"Carri\u00e8res"},"content":{"rendered":"<p><img loading=\"lazy\" class=\"wp-image-747 alignright\" src=\"https:\/\/cliniqueenroute.com\/wp-content\/uploads\/2021\/08\/Medical-Career.jpg\" alt=\"\" width=\"520\" height=\"347\" srcset=\"https:\/\/cliniqueenroute.com\/wp-content\/uploads\/2021\/08\/Medical-Career.jpg 1000w, https:\/\/cliniqueenroute.com\/wp-content\/uploads\/2021\/08\/Medical-Career-300x200.jpg 300w, https:\/\/cliniqueenroute.com\/wp-content\/uploads\/2021\/08\/Medical-Career-768x512.jpg 768w, https:\/\/cliniqueenroute.com\/wp-content\/uploads\/2021\/08\/Medical-Career-18x12.jpg 18w\" sizes=\"(max-width: 520px) 100vw, 520px\" \/>L\u2019accessibilit\u00e9 aux soins pour les membres de la communaut\u00e9 et le bien-\u00eatre de nos patients sont notre priorit\u00e9. Pour poursuivre cette mission, nous sommes toujours \u00e0 la recherche de professionnels recherchant une \u00e9quipe dynamique et motiv\u00e9e et voulant travailler en plein c\u0153ur du centre-ville, un\nlieu tr\u00e8s facile d\u2019acc\u00e8s. En plus de nos emplacements \u00e0 Montr\u00e9al, nous avons \u00e9galement des cliniques sur les rives Sud et Nord. Celles-ci sont le lieu de travail parfait pour les membres de notre \u00e9quipe qui souhaitent \u00e9viter les d\u00e9placements vers le centre-ville.<\/p>\n<h2>M\u00e9decins<\/h2>\n<p>Nous cherchons des m\u00e9decins de famille int\u00e9ress\u00e9s par le suivi et la prise en charge de la sant\u00e9 de leurs patients. Nous sommes \u00e9galement \u00e0 la recherche de m\u00e9decins omnipraticiens et  sp\u00e9cialistes d\u00e9sirant faire des consultations avec ou sans rendez-vous. Notre clinique offre une grande flexibilit\u00e9 d\u2019horaire et des frais de bureaux comp\u00e9titifs avec de multiples avantages, ainsi que des possibilit\u00e9s d\u2019actionnariat.<\/p>\n<h2>L\u2019\u00e9quipe<\/h2>\n<p>La force de la clinique, outre son milieu de travail chaleureux et moderne, est son \u00e9quipe compos\u00e9e de personnel infirmier et de secr\u00e9taires comp\u00e9tents, exp\u00e9riment\u00e9s et dont l\u2019emploi est stable.<\/p>\n<p>Pour toutes informations ou si vous souhaitez vous joindre \u00e0 notre \u00e9quipe, veuillez nous contacter \u00e0 l\u2019adresse courriel suivante :<\/p>\n<p><a href=\"mailto:administration@cliniqueenroute.com\">administration@cliniqueenroute.com\u00a0<\/a><\/p>\n<p>Pour recevoir des nouvelles concernant les postes disponibles, n\u2019h\u00e9sitez pas \u00e0 nous suivre sur Indeed. Vous pourrez \u00e9galement postuler spontan\u00e9ment en cr\u00e9ant un compte ou \u00e0 l\u2019aide de votre profil existant.<\/p>","protected":false},"excerpt":{"rendered":"<p>Accessibility to care for community members and the well-being of our patients are our priority. To pursue this mission, we are always looking for professionals looking for a dynamic and motivated team and wanting to work in the heart of the city center, a place very easy to access. In addition to our clinics in&hellip;<\/p>","protected":false},"author":1,"featured_media":0,"parent":0,"menu_order":5,"comment_status":"closed","ping_status":"closed","template":"","meta":[],"_links":{"self":[{"href":"https:\/\/cliniqueenroute.com\/fr\/wp-json\/wp\/v2\/pages\/114"}],"collection":[{"href":"https:\/\/cliniqueenroute.com\/fr\/wp-json\/wp\/v2\/pages"}],"about":[{"href":"https:\/\/cliniqueenroute.com\/fr\/wp-json\/wp\/v2\/types\/page"}],"author":[{"embeddable":true,"href":"https:\/\/cliniqueenroute.com\/fr\/wp-json\/wp\/v2\/users\/1"}],"replies":[{"embeddable":true,"href":"https:\/\/cliniqueenroute.com\/fr\/wp-json\/wp\/v2\/comments?post=114"}],"version-history":[{"count":10,"href":"https:\/\/cliniqueenroute.com\/fr\/wp-json\/wp\/v2\/pages\/114\/revisions"}],"predecessor-version":[{"id":797,"href":"https:\/\/cliniqueenroute.com\/fr\/wp-json\/wp\/v2\/pages\/114\/revisions\/797"}],"wp:attachment":[{"href":"https:\/\/cliniqueenroute.com\/fr\/wp-json\/wp\/v2\/media?parent=114"}],"curies":[{"name":"wp","href":"https:\/\/api.w.org\/{rel}","templated":true}]}}