{"id":397,"date":"2021-07-04T21:51:40","date_gmt":"2021-07-04T21:51:40","guid":{"rendered":"https:\/\/cliniqueenroute.com\/?page_id=397"},"modified":"2021-09-02T16:52:59","modified_gmt":"2021-09-02T16:52:59","slug":"central-station","status":"publish","type":"page","link":"https:\/\/cliniqueenroute.com\/fr\/central-station\/","title":{"rendered":"Gare Centrale"},"content":{"rendered":"<p><img loading=\"lazy\" class=\"aligncenter size-full wp-image-407\" src=\"https:\/\/cliniqueenroute.com\/wp-content\/uploads\/2021\/07\/Gare-Centrale-2.jpg\" alt=\"\" width=\"1301\" height=\"579\" srcset=\"https:\/\/cliniqueenroute.com\/wp-content\/uploads\/2021\/07\/Gare-Centrale-2.jpg 1301w, https:\/\/cliniqueenroute.com\/wp-content\/uploads\/2021\/07\/Gare-Centrale-2-300x134.jpg 300w, https:\/\/cliniqueenroute.com\/wp-content\/uploads\/2021\/07\/Gare-Centrale-2-1024x456.jpg 1024w, https:\/\/cliniqueenroute.com\/wp-content\/uploads\/2021\/07\/Gare-Centrale-2-768x342.jpg 768w\" sizes=\"(max-width: 1301px) 100vw, 1301px\" \/><\/p>\n<div class=\"row adress\">\n<div class=\"col-md-6\">\n<h1>Coordonn\u00e9es<\/h1>\n<p class=\"mb-2\"><span style=\"color: #eb190e;\">T\u00e9l :<\/span> 514-954-1444<\/p>\n<p class=\"mb-2\"><span style=\"color: #eb190e;\">T\u00e9l\u00e9copieur :<\/span> 514-954-1619<\/p>\n<p class=\"mb-2\"><span style=\"color: #eb190e;\">Adresse :<\/span> 895 De la Gauchetiere West, street, Suite 335, Montreal, Quebec, Canada, H3B 4G1<\/p>\n<p>Bonaventure ( <span style=\"color: #eb190e;\">ligne orange<\/span>)<\/p>\n<\/div>\n<div class=\"col-md-6\">\n<h1>Heures d'ouverture<\/h1>\n<p class=\"mb-2\"><strong><span style=\"color: #eb190e;\">Lundi au jeudi :<\/span> 7h \u00e0 18h<\/strong><\/p>\n<p class=\"mb-2\"><strong><span style=\"color: #eb190e;\">Vendredi :<\/span><\/strong> 7h \u00e0 16h<\/p>\n<p class=\"mb-2\"><span style=\"color: #eb190e;\">Samedi & Dimanche :<\/span> Ferm\u00e9<\/p>\n<p class=\"mb-2\"><span style=\"color: #eb190e;\">Rampe d'acc\u00e8s :<\/span> OUI<\/p>\n<p class=\"mb-2\"><span style=\"color: #eb190e;\">Ascenseur :<\/span> OUI<\/p>\n<p class=\"mb-2\"><span style=\"color: #eb190e;\">Stationnement :<\/span> OUI (Payant)<\/p>\n<\/div>\n<\/div>\n<h1 style=\"text-align: center;\">M\u00e9decins et services offerts<\/h1>\n<p>&nbsp;<\/p>\n<div class=\"row\">\n<div class=\"col-md-4 serv\">\n<h5>M\u00e9decins g\u00e9n\u00e9ralistes<\/h5>\n<p class=\"mb-2\">M\u00e9decine familliale<\/p>\n<p class=\"mb-2\">Sans Rendez-vous<\/p>\n<\/div>\n<div class=\"col-md-4 serv\">\n<h5>M\u00e9decins sp\u00e9cialistes<\/h5>\n<p class=\"mb-2\">Gyn\u00e9cologue<\/p>\n<p class=\"mb-2\">Interniste<\/p>\n<p class=\"mb-2\">ORL<\/p>\n<p class=\"mb-2\">Dermatologue<\/p>\n<\/div>\n<div class=\"col-md-4 serv\">\n<h5>Services<\/h5>\n<p class=\"mb-2\">Laboratoire CDL<\/p>\n<p class=\"mb-2\">Vaccination (service payant)<\/p>\n<p class=\"mb-2\">Nutritionniste<\/p>\n<\/div>\n<\/div>\n<p>&nbsp;<\/p>\n<div class=\"row\">\n<div class=\"col-md-12\"><iframe style=\"width: 100%;\" src=\"https:\/\/www.google.com\/maps\/d\/u\/0\/embed?mid=1jLfryQAbTZjZf551jCy-Y-LQEEb_GuWZ\" height=\"600\" allowfullscreen=\"allowfullscreen\" data-tm-width=\"100%\"><\/iframe><\/div>\n<\/div>","protected":false},"excerpt":{"rendered":"<p>Contact Tel : 514-954-1444 Fax : 514-954-1619 Address : 895 De la Gauchetiere West, street, Suite 335, Montreal, Quebec, Canada, H3B 4G1 Bonaventure ( orange line) Opening Hours Monday To Thursday : 7:00 am to 6:00 pm Friday : 7:00 am to 4:00 pm Saturday &amp; Sunday : Closed Access ramp : YES Elevator :&hellip;<\/p>","protected":false},"author":1,"featured_media":0,"parent":0,"menu_order":18,"comment_status":"closed","ping_status":"closed","template":"","meta":[],"_links":{"self":[{"href":"https:\/\/cliniqueenroute.com\/fr\/wp-json\/wp\/v2\/pages\/397"}],"collection":[{"href":"https:\/\/cliniqueenroute.com\/fr\/wp-json\/wp\/v2\/pages"}],"about":[{"href":"https:\/\/cliniqueenroute.com\/fr\/wp-json\/wp\/v2\/types\/page"}],"author":[{"embeddable":true,"href":"https:\/\/cliniqueenroute.com\/fr\/wp-json\/wp\/v2\/users\/1"}],"replies":[{"embeddable":true,"href":"https:\/\/cliniqueenroute.com\/fr\/wp-json\/wp\/v2\/comments?post=397"}],"version-history":[{"count":18,"href":"https:\/\/cliniqueenroute.com\/fr\/wp-json\/wp\/v2\/pages\/397\/revisions"}],"predecessor-version":[{"id":766,"href":"https:\/\/cliniqueenroute.com\/fr\/wp-json\/wp\/v2\/pages\/397\/revisions\/766"}],"wp:attachment":[{"href":"https:\/\/cliniqueenroute.com\/fr\/wp-json\/wp\/v2\/media?parent=397"}],"curies":[{"name":"wp","href":"https:\/\/api.w.org\/{rel}","templated":true}]}}