{"id":398,"date":"2021-07-04T21:51:47","date_gmt":"2021-07-04T21:51:47","guid":{"rendered":"https:\/\/cliniqueenroute.com\/?page_id=398"},"modified":"2021-09-02T22:13:33","modified_gmt":"2021-09-02T22:13:33","slug":"complexe-desjardins","status":"publish","type":"page","link":"https:\/\/cliniqueenroute.com\/fr\/complexe-desjardins\/","title":{"rendered":"Complexe Desjardins \u2013 GMF-R"},"content":{"rendered":"<p><img loading=\"lazy\" class=\"aligncenter size-full wp-image-428\" src=\"https:\/\/cliniqueenroute.com\/wp-content\/uploads\/2021\/07\/Complexe-Desjardins.jpg\" alt=\"\" width=\"1301\" height=\"579\" srcset=\"https:\/\/cliniqueenroute.com\/wp-content\/uploads\/2021\/07\/Complexe-Desjardins.jpg 1301w, https:\/\/cliniqueenroute.com\/wp-content\/uploads\/2021\/07\/Complexe-Desjardins-300x134.jpg 300w, https:\/\/cliniqueenroute.com\/wp-content\/uploads\/2021\/07\/Complexe-Desjardins-1024x456.jpg 1024w, https:\/\/cliniqueenroute.com\/wp-content\/uploads\/2021\/07\/Complexe-Desjardins-768x342.jpg 768w\" sizes=\"(max-width: 1301px) 100vw, 1301px\" \/><\/p>\n<p>&nbsp;<\/p>\n<div class=\"row adress\">\n<div class=\"col-md-6\">\n<h1>Coordonn\u00e9es<\/h1>\n<p class=\"mb-2\"><span style=\"color: #eb190e;\">T\u00e9l :<\/span> 514-312-7777<\/p>\n<p class=\"mb-2\"><span style=\"color: #eb190e;\">T\u00e9l\u00e9copieur :<\/span> 514-312-7778<\/p>\n<p class=\"mb-2\"><span style=\"color: #eb190e;\">Adresse :<\/span> 150 Rue Ste-Catherine O,\u200b Niveau 4, Tour Hyatt, C.P.65, Montr\u00e9al, Qu\u00e9bec, Canada, H2X 3Y2<\/p>\n<p class=\"mb-2\">Place d\u2019armes ( <span style=\"color: #eb190e;\">Ligne orange<\/span>)<\/p>\n<p>Place des Arts ( <span style=\"color: #08d308;\">Ligne verte<\/span>)<\/p>\n<\/div>\n<div class=\"col-md-6\">\n<h1>Heures d'ouverture<\/h1>\n<p class=\"mb-2\"><strong><span style=\"color: #eb190e;\">Lundi au jeudi :<\/span> 7h30 \u00e0 20h<\/strong><\/p>\n<p class=\"mb-2\"><strong><span style=\"color: #eb190e;\">Vendredi :<\/span><\/strong> 7h30 \u00e0 18h<\/p>\n<p class=\"mb-2\"><span style=\"color: #eb190e;\">Samedi & Dimanche :<\/span> 8h \u00e0 15h<\/p>\n<p class=\"mb-2\"><span style=\"color: #eb190e;\">Rampe d'acc\u00e8s :<\/span> OUI<\/p>\n<p class=\"mb-2\"><span style=\"color: #eb190e;\">Ascenseur :<\/span> OUI<\/p>\n<p class=\"mb-2\"><span style=\"color: #eb190e;\">Stationnement :<\/span> OUI (Payant)<\/p>\n<\/div>\n<\/div>\n<h1 style=\"text-align: center;\">M\u00e9decins et services offerts<\/h1>\n<p>&nbsp;<\/p>\n<div class=\"row serve\">\n<div class=\"col-md-4\">\n<h5>M\u00e9decins g\u00e9n\u00e9ralistes<\/h5>\n<p class=\"mb-2\">M\u00e9decine familliale<\/p>\n<p class=\"mb-2\">Sans Rendez-vous<\/p>\n<\/div>\n<div class=\"col-md-4\">\n<h5>M\u00e9decins sp\u00e9cialistes<\/h5>\n<p class=\"mb-2\">Gyn\u00e9cologue<\/p>\n<p class=\"mb-2\">Interniste<\/p>\n<p class=\"mb-2\">Cardiologue<\/p>\n<p class=\"mb-2\">Orthop\u00e9die<\/p>\n<p class=\"mb-2\">Urologie<\/p>\n<p class=\"mb-2\">Chirurgien g\u00e9n\u00e9ral<\/p>\n<p class=\"mb-2\">Dermatologue<\/p>\n<\/div>\n<div class=\"col-md-4\">\n<h5>Services<\/h5>\n<p class=\"mb-2\">Laboratoire CDL<\/p>\n<p class=\"mb-2\">Orth\u00e9siste<\/p>\n<p class=\"mb-2\">Psychologue<\/p>\n<p class=\"mb-2\">Esth\u00e9ticienne<\/p>\n<p class=\"mb-2\">M\u00e9dico-Esth\u00e9tique<\/p>\n<p class=\"mb-2\">Nutritionniste<\/p>\n<\/div>\n<\/div>\n<p>&nbsp;<\/p>\n<div class=\"row\">\n<div class=\"col-md-12\"><iframe style=\"width: 100%;\" src=\"https:\/\/www.google.com\/maps\/d\/u\/0\/embed?mid=1Kq1X3aHvGdlDlpUoV8cF-NMrmDvQtzOf\" height=\"600\" allowfullscreen=\"allowfullscreen\" data-tm-width=\"100%\"><\/iframe><\/div>\n<\/div>","protected":false},"excerpt":{"rendered":"<p>&nbsp; Contact Tel : 514-312-7777 Fax : 514-312-7778 Address : 150 rue Ste-Catherine West, level 4, Hyatt Tour, C.P.65, Montreal, Quebec, Canada, H2X3Y2 Place d\u2019armes ( Orange line) Place des Arts ( Green line) Opening Hours Monday To Thursday : 7:30 am to 8:00 pm Friday : 7:30 am to 6:00 pm Saturday &amp; Sunday&hellip;<\/p>","protected":false},"author":1,"featured_media":0,"parent":0,"menu_order":17,"comment_status":"closed","ping_status":"closed","template":"","meta":[],"_links":{"self":[{"href":"https:\/\/cliniqueenroute.com\/fr\/wp-json\/wp\/v2\/pages\/398"}],"collection":[{"href":"https:\/\/cliniqueenroute.com\/fr\/wp-json\/wp\/v2\/pages"}],"about":[{"href":"https:\/\/cliniqueenroute.com\/fr\/wp-json\/wp\/v2\/types\/page"}],"author":[{"embeddable":true,"href":"https:\/\/cliniqueenroute.com\/fr\/wp-json\/wp\/v2\/users\/1"}],"replies":[{"embeddable":true,"href":"https:\/\/cliniqueenroute.com\/fr\/wp-json\/wp\/v2\/comments?post=398"}],"version-history":[{"count":6,"href":"https:\/\/cliniqueenroute.com\/fr\/wp-json\/wp\/v2\/pages\/398\/revisions"}],"predecessor-version":[{"id":761,"href":"https:\/\/cliniqueenroute.com\/fr\/wp-json\/wp\/v2\/pages\/398\/revisions\/761"}],"wp:attachment":[{"href":"https:\/\/cliniqueenroute.com\/fr\/wp-json\/wp\/v2\/media?parent=398"}],"curies":[{"name":"wp","href":"https:\/\/api.w.org\/{rel}","templated":true}]}}