{"id":399,"date":"2021-07-04T21:51:57","date_gmt":"2021-07-04T21:51:57","guid":{"rendered":"https:\/\/cliniqueenroute.com\/?page_id=399"},"modified":"2021-09-02T16:52:17","modified_gmt":"2021-09-02T16:52:17","slug":"griffin-town","status":"publish","type":"page","link":"https:\/\/cliniqueenroute.com\/fr\/griffin-town\/","title":{"rendered":"Griffintown"},"content":{"rendered":"<p><img loading=\"lazy\" class=\"aligncenter size-full wp-image-436\" src=\"https:\/\/cliniqueenroute.com\/wp-content\/uploads\/2021\/07\/IMG_0558-1-scaled-1.jpeg\" alt=\"\" width=\"1301\" height=\"565\" srcset=\"https:\/\/cliniqueenroute.com\/wp-content\/uploads\/2021\/07\/IMG_0558-1-scaled-1.jpeg 1301w, https:\/\/cliniqueenroute.com\/wp-content\/uploads\/2021\/07\/IMG_0558-1-scaled-1-300x130.jpeg 300w, https:\/\/cliniqueenroute.com\/wp-content\/uploads\/2021\/07\/IMG_0558-1-scaled-1-1024x445.jpeg 1024w, https:\/\/cliniqueenroute.com\/wp-content\/uploads\/2021\/07\/IMG_0558-1-scaled-1-768x334.jpeg 768w\" sizes=\"(max-width: 1301px) 100vw, 1301px\" \/><\/p>\n<p>&nbsp;<\/p>\n<div class=\"row adress\">\n<div class=\"col-md-6\">\n<h1>Coordonn\u00e9es<\/h1>\n<p class=\"mb-2\"><span style=\"color: #eb190e;\">T\u00e9l :<\/span> 514-316-5454<\/p>\n<p class=\"mb-2\"><span style=\"color: #eb190e;\">T\u00e9l\u00e9copieur :<\/span> 514-316-5455<\/p>\n<p class=\"mb-2\"><span style=\"color: #eb190e;\">Adresse :<\/span> 1000 Rue Wellington, #201,\u200b Montr\u00e9al, Qu\u00e9bec, Canada, H3C 1V4<\/p>\n<p>Bonaventure ( <span style=\"color: #eb190e;\">ligne orange<\/span>)<\/p>\n<\/p><\/div>\n<div class=\"col-md-6\">\n<h1>Heures d'ouverture<\/h1>\n<p class=\"mb-2\"><strong><span style=\"color: #eb190e;\">Lundi au jeudi :<\/span> 7h30 \u00e0 20h<\/strong><\/p>\n<p class=\"mb-2\"><strong><span style=\"color: #eb190e;\">Vendredi :<\/span><\/strong> 7h30 \u00e0 18h<\/p>\n<p class=\"mb-2\"><span style=\"color: #eb190e;\">Samedi & Dimanche :<\/span> 9h \u00e0 16h<\/p>\n<p class=\"mb-2\"><span style=\"color: #eb190e;\">Rampe d'acc\u00e8s :<\/span> OUI<\/p>\n<p class=\"mb-2\"><span style=\"color: #eb190e;\">Ascenseur :<\/span> OUI<\/p>\n<p class=\"mb-2\"><span style=\"color: #eb190e;\">Stationnement :<\/span> maximum une heure<\/p>\n<\/p><\/div>\n<\/p><\/div>\n<h1 style=\"text-align: center;\">M\u00e9decins et services offerts<\/h1>\n<p>&nbsp;<\/p>\n<div class=\"row serve\">\n<div class=\"col-md-4\">\n<h5>M\u00e9decins g\u00e9n\u00e9ralistes<\/h5>\n<p class=\"mb-2\">M\u00e9decine familliale<\/p>\n<p class=\"mb-2\">Sans Rendez-vous<\/p>\n<\/p><\/div>\n<div class=\"col-md-4\">\n<h5>M\u00e9decins sp\u00e9cialistes<\/h5>\n<p class=\"mb-2\">Gyn\u00e9cologue<\/p>\n<p class=\"mb-2\">Cardiologue <\/p>\n<p class=\"mb-2\">P\u00e9diatre <\/p>\n<\/p><\/div>\n<div class=\"col-md-4\">\n<h5>Services<\/h5>\n<p class=\"mb-2\">Laboratoire CDL<\/p>\n<p class=\"mb-2\">Nutritionniste<\/p>\n<\/p><\/div>\n<\/p><\/div>\n<p>&nbsp;<\/p>\n<div class=\"row\">\n<div class=\"col-md-12\">\n            <iframe src=\"https:\/\/www.google.com\/maps\/d\/u\/0\/embed?mid=1XHNx7x1eKX4Y4UX5BCLyneONWjRpBKO3\" data-tm-width=\"100%\" height=\"600\" allowfullscreen=\"\" style=\"width: 100%;\"><\/iframe>\n          <\/div>\n<\/p><\/div>","protected":false},"excerpt":{"rendered":"<p>&nbsp; Contact Tel : 514-316-5454 Fax : 514-316-5455 Address : 1000 Wellington street, # 201 Montreal, Quebec, Canada, H3C 1V4 Bonaventure ( orange line) Opening Hours Monday To Thursday : 7:30 am to 8:00 pm Friday : 7:30 am to 6:00 pm Saturday &amp; Sunday : 9am to 4pm Access ramp : YES Elevator :&hellip;<\/p>","protected":false},"author":1,"featured_media":0,"parent":0,"menu_order":16,"comment_status":"closed","ping_status":"closed","template":"","meta":[],"_links":{"self":[{"href":"https:\/\/cliniqueenroute.com\/fr\/wp-json\/wp\/v2\/pages\/399"}],"collection":[{"href":"https:\/\/cliniqueenroute.com\/fr\/wp-json\/wp\/v2\/pages"}],"about":[{"href":"https:\/\/cliniqueenroute.com\/fr\/wp-json\/wp\/v2\/types\/page"}],"author":[{"embeddable":true,"href":"https:\/\/cliniqueenroute.com\/fr\/wp-json\/wp\/v2\/users\/1"}],"replies":[{"embeddable":true,"href":"https:\/\/cliniqueenroute.com\/fr\/wp-json\/wp\/v2\/comments?post=399"}],"version-history":[{"count":8,"href":"https:\/\/cliniqueenroute.com\/fr\/wp-json\/wp\/v2\/pages\/399\/revisions"}],"predecessor-version":[{"id":762,"href":"https:\/\/cliniqueenroute.com\/fr\/wp-json\/wp\/v2\/pages\/399\/revisions\/762"}],"wp:attachment":[{"href":"https:\/\/cliniqueenroute.com\/fr\/wp-json\/wp\/v2\/media?parent=399"}],"curies":[{"name":"wp","href":"https:\/\/api.w.org\/{rel}","templated":true}]}}