{"id":400,"date":"2021-07-04T21:52:04","date_gmt":"2021-07-04T21:52:04","guid":{"rendered":"https:\/\/cliniqueenroute.com\/?page_id=400"},"modified":"2021-09-02T16:52:27","modified_gmt":"2021-09-02T16:52:27","slug":"square-victoria","status":"publish","type":"page","link":"https:\/\/cliniqueenroute.com\/fr\/square-victoria\/","title":{"rendered":"Square Victoria"},"content":{"rendered":"<p><img loading=\"lazy\" class=\"aligncenter size-full wp-image-440\" src=\"https:\/\/cliniqueenroute.com\/wp-content\/uploads\/2021\/07\/Square-Victoria-3.jpg\" alt=\"\" width=\"1301\" height=\"579\" srcset=\"https:\/\/cliniqueenroute.com\/wp-content\/uploads\/2021\/07\/Square-Victoria-3.jpg 1301w, https:\/\/cliniqueenroute.com\/wp-content\/uploads\/2021\/07\/Square-Victoria-3-300x134.jpg 300w, https:\/\/cliniqueenroute.com\/wp-content\/uploads\/2021\/07\/Square-Victoria-3-1024x456.jpg 1024w, https:\/\/cliniqueenroute.com\/wp-content\/uploads\/2021\/07\/Square-Victoria-3-768x342.jpg 768w\" sizes=\"(max-width: 1301px) 100vw, 1301px\" \/><\/p>\n<p>&nbsp;<\/p>\n<div class=\"row adress\">\n<div class=\"col-md-6\">\n<h1>Coordonn\u00e9es<\/h1>\n<p class=\"mb-2\"><span style=\"color: #eb190e;\">T\u00e9l :<\/span> 514-360-3333<\/p>\n<p class=\"mb-2\"><span style=\"color: #eb190e;\">T\u00e9l\u00e9copieur :<\/span> 514-360-3334<\/p>\n<p class=\"mb-2\"><span style=\"color: #eb190e;\">Adresse :<\/span> World Trade : Center 393 St-Jacques street, # 140, Montreal, Quebec, Canada, H2Y 1N9<\/p>\n<p>Square Victoria ( <span style=\"color: #eb190e;\">Ligne orange<\/span>)<\/p>\n<\/div>\n<div class=\"col-md-6\">\n<h1>Heures d'ouverture<\/h1>\n<p class=\"mb-2\"><strong><span style=\"color: #eb190e;\">Lundi au jeudi :<\/span> 7h30 \u00e0 18h<\/strong><\/p>\n<p class=\"mb-2\"><strong><span style=\"color: #eb190e;\">Vendredi :<\/span><\/strong> 7h30 \u00e0 18h<\/p>\n<p class=\"mb-2\"><span style=\"color: #eb190e;\">Samedi & Dimanche :<\/span> FERM\u00c9<\/p>\n<p class=\"mb-2\"><span style=\"color: #eb190e;\">Rampe d'acc\u00e8s :<\/span> OUI<\/p>\n<p class=\"mb-2\"><span style=\"color: #eb190e;\">Ascenseur :<\/span> OUI<\/p>\n<p class=\"mb-2\"><span style=\"color: #eb190e;\">Stationnement :<\/span> OUI (Payant)<\/p>\n<\/div>\n<\/div>\n<h1 style=\"text-align: center;\">M\u00e9decins et services offerts<\/h1>\n<p>&nbsp;<\/p>\n<div class=\"row serve\">\n<div class=\"col-md-4\">\n<h5>M\u00e9decins g\u00e9n\u00e9ralistes<\/h5>\n<p class=\"mb-2\">M\u00e9decine familliale<\/p>\n<p class=\"mb-2\">Sans Rendez-vous<\/p>\n<\/div>\n<div class=\"col-md-4\">\n<h5>M\u00e9decins sp\u00e9cialistes<\/h5>\n<p class=\"mb-2\">ORL<\/p>\n<p class=\"mb-2\">Interniste<\/p>\n<p class=\"mb-2\">Cardiologue<\/p>\n<p class=\"mb-2\">Neurologie<\/p>\n<p class=\"mb-2\">Chirurgien g\u00e9n\u00e9ral<\/p>\n<p class=\"mb-2\">Allergologue<\/p>\n<p class=\"mb-2\">Dermatologue<\/p>\n<\/div>\n<div class=\"col-md-4\">\n<h5>Services<\/h5>\n<p class=\"mb-2\">Laboratoire CDL<\/p>\n<p class=\"mb-2\">Hypnologue<\/p>\n<p class=\"mb-2\">Di\u00e9t\u00e9ticienne<\/p>\n<p class=\"mb-2\">Psychologue<\/p>\n<\/div>\n<\/div>\n<p>&nbsp;<\/p>\n<div class=\"row\">\n<div class=\"col-md-12\"><iframe style=\"width: 100%;\" src=\"https:\/\/www.google.com\/maps\/d\/u\/0\/embed?mid=1OX4EbuNybnn9Fb-tFaxJazHi6Qfv34da\" height=\"600\" allowfullscreen=\"allowfullscreen\" data-tm-width=\"100%\"><\/iframe><\/div>\n<\/div>","protected":false},"excerpt":{"rendered":"<p>&nbsp; Contact Tel : 514-360-3333 Fax : 514-360-3334 Address : World Trade : Center 393 St-Jacques street, # 140, Montreal, Quebec, Canada, H2Y 1N9 Square Victoria ( Orange line) Opening Hours Monday To Thursday : 7:30 am to 6:00 pm Friday : 7:30 am to 6:00 pm Saturday &amp; Sunday : CLOSED Access ramp :&hellip;<\/p>","protected":false},"author":1,"featured_media":0,"parent":0,"menu_order":15,"comment_status":"closed","ping_status":"closed","template":"","meta":[],"_links":{"self":[{"href":"https:\/\/cliniqueenroute.com\/fr\/wp-json\/wp\/v2\/pages\/400"}],"collection":[{"href":"https:\/\/cliniqueenroute.com\/fr\/wp-json\/wp\/v2\/pages"}],"about":[{"href":"https:\/\/cliniqueenroute.com\/fr\/wp-json\/wp\/v2\/types\/page"}],"author":[{"embeddable":true,"href":"https:\/\/cliniqueenroute.com\/fr\/wp-json\/wp\/v2\/users\/1"}],"replies":[{"embeddable":true,"href":"https:\/\/cliniqueenroute.com\/fr\/wp-json\/wp\/v2\/comments?post=400"}],"version-history":[{"count":7,"href":"https:\/\/cliniqueenroute.com\/fr\/wp-json\/wp\/v2\/pages\/400\/revisions"}],"predecessor-version":[{"id":763,"href":"https:\/\/cliniqueenroute.com\/fr\/wp-json\/wp\/v2\/pages\/400\/revisions\/763"}],"wp:attachment":[{"href":"https:\/\/cliniqueenroute.com\/fr\/wp-json\/wp\/v2\/media?parent=400"}],"curies":[{"name":"wp","href":"https:\/\/api.w.org\/{rel}","templated":true}]}}