{"id":401,"date":"2021-07-04T21:52:16","date_gmt":"2021-07-04T21:52:16","guid":{"rendered":"https:\/\/cliniqueenroute.com\/?page_id=401"},"modified":"2023-06-05T20:49:18","modified_gmt":"2023-06-05T20:49:18","slug":"saint-hubert-new","status":"publish","type":"page","link":"https:\/\/cliniqueenroute.com\/fr\/saint-hubert-new\/","title":{"rendered":"Saint-Hubert"},"content":{"rendered":"<p><img loading=\"lazy\" class=\"aligncenter size-full wp-image-444\" src=\"https:\/\/cliniqueenroute.com\/wp-content\/uploads\/2021\/07\/Saint-Hubert.jpg\" alt=\"\" width=\"100%\" height=\"656\" srcset=\"https:\/\/cliniqueenroute.com\/wp-content\/uploads\/2021\/07\/Saint-Hubert.jpg 1301w, https:\/\/cliniqueenroute.com\/wp-content\/uploads\/2021\/07\/Saint-Hubert-300x151.jpg 300w, https:\/\/cliniqueenroute.com\/wp-content\/uploads\/2021\/07\/Saint-Hubert-1024x516.jpg 1024w, https:\/\/cliniqueenroute.com\/wp-content\/uploads\/2021\/07\/Saint-Hubert-768x387.jpg 768w\" sizes=\"(max-width: 1301px) 100vw, 1301px\" \/><\/p>\n<p>&nbsp;<\/p>\n<div class=\"row adress\">\n<div class=\"col-md-6\">\n<h1 style=\"text-align: center;\">Coordonn\u00e9es<\/h1>\n<p class=\"mb-2\"><span style=\"color: #eb190e;\">T\u00e9l :<\/span> 450-259-7777<\/p>\n<p class=\"mb-2\"><span style=\"color: #eb190e;\">T\u00e9l\u00e9copieur :<\/span> 450-259-7778<\/p>\n<p class=\"mb-2\"><span style=\"color: #eb190e;\">Adresse :<\/span> 8141 Blv. Cousineau , # 201 St-Hubert, Quebec, Canada, J3Z 0G6<\/p>\n<\/div>\n<div class=\"col-md-6\">\n<h1 style=\"text-align: center;\">Heures d\u2019ouverture modifi\u00e9es<\/h1>\n<p class=\"mb-2\"><strong><span style=\"color: #eb190e;\">Lundi au jeudi :<\/span> 7h30 \u00e0 19h<\/strong><\/p>\n<p class=\"mb-2\"><strong><span style=\"color: #eb190e;\">Vendredi :<\/span><\/strong> 7h30 \u00e0 17h30<\/p>\n<p class=\"mb-2\"><span style=\"color: #eb190e;\">Samedi :<\/span> 8:00 am \u00e0 2:00 pm<\/p>\n<p class=\"mb-2\"><span style=\"color: #eb190e;\">Dimanche :<\/span> 8:00 am \u00e0 2:00 pm<\/p>\n<p class=\"mb-2\"><span style=\"color: #eb190e;\">Rampe d'acc\u00e8s :<\/span> OUI<\/p>\n<p class=\"mb-2\"><span style=\"color: #eb190e;\">Ascenseur :<\/span> OUI<\/p>\n<p class=\"mb-2\"><span style=\"color: #eb190e;\">Stationnement :<\/span> OUI<\/p>\n<\/div>\n<\/div>\n<h1 style=\"text-align: center;\">M\u00e9decins et services offerts<\/h1>\n<p>&nbsp;<\/p>\n<div class=\"row serve\">\n<div class=\"col-md-4\">\n<h5>M\u00e9decins g\u00e9n\u00e9ralistes<\/h5>\n<p class=\"mb-2\">M\u00e9decine familliale<\/p>\n<p class=\"mb-2\">Sans Rendez-vous<\/p>\n<\/div>\n<div class=\"col-md-4\">\n<h5>M\u00e9decins sp\u00e9cialistes<\/h5>\n<p class=\"mb-2\">Gyn\u00e9cologue<\/p>\n<p class=\"mb-2\">Cardiologue<\/p>\n<p class=\"mb-2\">P\u00e9diatre<\/p>\n<\/div>\n<div class=\"col-md-4\">\n<h5>Services<\/h5>\n<p class=\"mb-2\">Laboratoire CDL<\/p>\n<p class=\"mb-2\">Nutritionniste<\/p>\n<\/div>\n<\/div>\n<p>&nbsp;<\/p>\n<div class=\"row\">\n<div class=\"col-md-12\"><iframe style=\"width: 100%;\" src=\"https:\/\/www.google.com\/maps\/d\/u\/0\/embed?mid=1UV5GZWQvff6AnYOXc0tycGOc6OMiupMc\" height=\"600\" allowfullscreen=\"allowfullscreen\" data-tm-width=\"100%\"><\/iframe><\/div>\n<\/div>","protected":false},"excerpt":{"rendered":"<p>&nbsp; Contact Tel : 450-259-7777 Fax : 450-259-7778 Address : 8141 Blv. Cousineau, # 201, St-Hubert, Quebec, Canada, J3Z 0G6 Modified Opening Hours Monday To Thursday : 7:30 am to 7:00 pm Friday : 7:30 am to 5:30 pm Saturday : 8:00 am to 2:00 pm Sunday : 8:00 am to 2:00 pm Access ramp&hellip;<\/p>","protected":false},"author":1,"featured_media":0,"parent":0,"menu_order":14,"comment_status":"closed","ping_status":"closed","template":"","meta":[],"_links":{"self":[{"href":"https:\/\/cliniqueenroute.com\/fr\/wp-json\/wp\/v2\/pages\/401"}],"collection":[{"href":"https:\/\/cliniqueenroute.com\/fr\/wp-json\/wp\/v2\/pages"}],"about":[{"href":"https:\/\/cliniqueenroute.com\/fr\/wp-json\/wp\/v2\/types\/page"}],"author":[{"embeddable":true,"href":"https:\/\/cliniqueenroute.com\/fr\/wp-json\/wp\/v2\/users\/1"}],"replies":[{"embeddable":true,"href":"https:\/\/cliniqueenroute.com\/fr\/wp-json\/wp\/v2\/comments?post=401"}],"version-history":[{"count":13,"href":"https:\/\/cliniqueenroute.com\/fr\/wp-json\/wp\/v2\/pages\/401\/revisions"}],"predecessor-version":[{"id":869,"href":"https:\/\/cliniqueenroute.com\/fr\/wp-json\/wp\/v2\/pages\/401\/revisions\/869"}],"wp:attachment":[{"href":"https:\/\/cliniqueenroute.com\/fr\/wp-json\/wp\/v2\/media?parent=401"}],"curies":[{"name":"wp","href":"https:\/\/api.w.org\/{rel}","templated":true}]}}