{"id":50,"date":"2017-08-14T12:11:28","date_gmt":"2017-08-14T12:11:28","guid":{"rendered":"http:\/\/demo.acmethemes.com\/medical-circle\/?page_id=182"},"modified":"2021-07-10T15:49:00","modified_gmt":"2021-07-10T15:49:00","slug":"services","status":"publish","type":"page","link":"https:\/\/cliniqueenroute.com\/fr\/services\/","title":{"rendered":"Services"},"content":{"rendered":"<div class=\"pt-cv-wrapper\"><div class=\"pt-cv-view pt-cv-grid pt-cv-colsys\" id=\"pt-cv-view-8948facc4p\"><div data-id=\"pt-cv-page-1\" class=\"pt-cv-page\" data-cvc=\"3\"><div class=\"col-md-4 col-sm-6 col-xs-12 pt-cv-content-item pt-cv-1-col\" ><div class='pt-cv-ifield'><a href=\"https:\/\/cliniqueenroute.com\/fr\/medical-specialists-2\/\" class=\"_self pt-cv-href-thumbnail pt-cv-thumb-default\" target=\"_self\" ><img width=\"640\" height=\"428\" src=\"https:\/\/cliniqueenroute.com\/wp-content\/uploads\/2021\/06\/3-2.jpg\" class=\"pt-cv-thumbnail\" alt=\"\" loading=\"lazy\" srcset=\"https:\/\/cliniqueenroute.com\/wp-content\/uploads\/2021\/06\/3-2.jpg 1000w, https:\/\/cliniqueenroute.com\/wp-content\/uploads\/2021\/06\/3-2-300x200.jpg 300w, https:\/\/cliniqueenroute.com\/wp-content\/uploads\/2021\/06\/3-2-768x513.jpg 768w\" sizes=\"(max-width: 640px) 100vw, 640px\" \/><\/a>\n<h5 class=\"pt-cv-title\"><a href=\"https:\/\/cliniqueenroute.com\/fr\/medical-specialists-2\/\" class=\"_self\" target=\"_self\" >M\u00e9decins sp\u00e9cialistes<\/a><\/h5>\n<div class=\"pt-cv-content\">Pour r\u00e9pondre \u00e0 vos besoins, la clinique regroup\u00e9e sous un m\u00eame toit une \u00e9quipe compl\u00e8te de professionnels de la sant\u00e9 motiv\u00e9s ...<br \/><a href=\"https:\/\/cliniqueenroute.com\/fr\/medical-specialists-2\/\" class=\"_self pt-cv-readmore btn btn-success\" target=\"_self\">Voir plus<\/a><\/div><\/div><\/div>\n<div class=\"col-md-4 col-sm-6 col-xs-12 pt-cv-content-item pt-cv-1-col\" ><div class='pt-cv-ifield'><a href=\"https:\/\/cliniqueenroute.com\/fr\/family-medicine-2\/\" class=\"_self pt-cv-href-thumbnail pt-cv-thumb-default\" target=\"_self\" ><img width=\"640\" height=\"428\" src=\"https:\/\/cliniqueenroute.com\/wp-content\/uploads\/2021\/07\/2-2.jpg\" class=\"pt-cv-thumbnail\" alt=\"\" loading=\"lazy\" srcset=\"https:\/\/cliniqueenroute.com\/wp-content\/uploads\/2021\/07\/2-2.jpg 1000w, https:\/\/cliniqueenroute.com\/wp-content\/uploads\/2021\/07\/2-2-300x200.jpg 300w, https:\/\/cliniqueenroute.com\/wp-content\/uploads\/2021\/07\/2-2-768x513.jpg 768w\" sizes=\"(max-width: 640px) 100vw, 640px\" \/><\/a>\n<h5 class=\"pt-cv-title\"><a href=\"https:\/\/cliniqueenroute.com\/fr\/family-medicine-2\/\" class=\"_self\" target=\"_self\" >M\u00e9decine Familiale<\/a><\/h5>\n<div class=\"pt-cv-content\">Pour les patients ayant d\u00e9j\u00e0 un m\u00e9decin de famille dans l'une de nos cliniques: vous pouvez prendre rendez-vous via...<br \/><a href=\"https:\/\/cliniqueenroute.com\/fr\/family-medicine-2\/\" class=\"_self pt-cv-readmore btn btn-success\" target=\"_self\">Voir plus<\/a><\/div><\/div><\/div>\n<div class=\"col-md-4 col-sm-6 col-xs-12 pt-cv-content-item pt-cv-1-col\" ><div class='pt-cv-ifield'><a href=\"https:\/\/cliniqueenroute.com\/fr\/cdl-laboratory-2\/\" class=\"_self pt-cv-href-thumbnail pt-cv-thumb-default\" target=\"_self\" ><img width=\"640\" height=\"428\" src=\"https:\/\/cliniqueenroute.com\/wp-content\/uploads\/2021\/06\/5-1.jpg\" class=\"pt-cv-thumbnail\" alt=\"\" loading=\"lazy\" srcset=\"https:\/\/cliniqueenroute.com\/wp-content\/uploads\/2021\/06\/5-1.jpg 1000w, https:\/\/cliniqueenroute.com\/wp-content\/uploads\/2021\/06\/5-1-300x200.jpg 300w, https:\/\/cliniqueenroute.com\/wp-content\/uploads\/2021\/06\/5-1-768x513.jpg 768w\" sizes=\"(max-width: 640px) 100vw, 640px\" \/><\/a>\n<h5 class=\"pt-cv-title\"><a href=\"https:\/\/cliniqueenroute.com\/fr\/cdl-laboratory-2\/\" class=\"_self\" target=\"_self\" >Laboratoire CDL<\/a><\/h5>\n<div class=\"pt-cv-content\">La clinique collabore avec les laboratoires priv\u00e9s CDL pour offrir un service d'analyse m\u00e9dicale rapide en 24h \u00e0 ...<br \/><a href=\"https:\/\/cliniqueenroute.com\/fr\/cdl-laboratory-2\/\" class=\"_self pt-cv-readmore btn btn-success\" target=\"_self\">Voir plus<\/a><\/div><\/div><\/div>\n<div class=\"col-md-4 col-sm-6 col-xs-12 pt-cv-content-item pt-cv-1-col\" ><div class='pt-cv-ifield'><a href=\"https:\/\/cliniqueenroute.com\/fr\/corporate-medicine-2\/\" class=\"_self pt-cv-href-thumbnail pt-cv-thumb-default\" target=\"_self\" ><img width=\"640\" height=\"428\" src=\"https:\/\/cliniqueenroute.com\/wp-content\/uploads\/2021\/07\/141.jpg\" class=\"pt-cv-thumbnail\" alt=\"\" loading=\"lazy\" srcset=\"https:\/\/cliniqueenroute.com\/wp-content\/uploads\/2021\/07\/141.jpg 1000w, https:\/\/cliniqueenroute.com\/wp-content\/uploads\/2021\/07\/141-300x200.jpg 300w, https:\/\/cliniqueenroute.com\/wp-content\/uploads\/2021\/07\/141-768x513.jpg 768w\" sizes=\"(max-width: 640px) 100vw, 640px\" \/><\/a>\n<h5 class=\"pt-cv-title\"><a href=\"https:\/\/cliniqueenroute.com\/fr\/corporate-medicine-2\/\" class=\"_self\" target=\"_self\" >Forfaits Corporatifs<\/a><\/h5>\n<div class=\"pt-cv-content\">750$CAN par personne, par an\nAcc\u00e8s rapide \u00e0 un m\u00e9decin g\u00e9n\u00e9raliste et\/ou sp\u00e9cialiste ...<br \/><a href=\"https:\/\/cliniqueenroute.com\/fr\/corporate-medicine-2\/\" class=\"_self pt-cv-readmore btn btn-success\" target=\"_self\">Voir plus<\/a><\/div><\/div><\/div>\n<div class=\"col-md-4 col-sm-6 col-xs-12 pt-cv-content-item pt-cv-1-col\" ><div class='pt-cv-ifield'><a href=\"https:\/\/cliniqueenroute.com\/fr\/aesthetics-2\/\" class=\"_self pt-cv-href-thumbnail pt-cv-thumb-default\" target=\"_self\" ><img width=\"640\" height=\"428\" src=\"https:\/\/cliniqueenroute.com\/wp-content\/uploads\/2021\/06\/4-1.jpg\" class=\"pt-cv-thumbnail\" alt=\"\" loading=\"lazy\" srcset=\"https:\/\/cliniqueenroute.com\/wp-content\/uploads\/2021\/06\/4-1.jpg 1000w, https:\/\/cliniqueenroute.com\/wp-content\/uploads\/2021\/06\/4-1-300x200.jpg 300w, https:\/\/cliniqueenroute.com\/wp-content\/uploads\/2021\/06\/4-1-768x513.jpg 768w\" sizes=\"(max-width: 640px) 100vw, 640px\" \/><\/a>\n<h5 class=\"pt-cv-title\"><a href=\"https:\/\/cliniqueenroute.com\/fr\/aesthetics-2\/\" class=\"_self\" target=\"_self\" >Esth\u00e9tique<\/a><\/h5>\n<div class=\"pt-cv-content\">Traitement esth\u00e9tique de l'acn\u00e9 et des cicatrices<br \/><a href=\"https:\/\/cliniqueenroute.com\/fr\/aesthetics-2\/\" class=\"_self pt-cv-readmore btn btn-success\" target=\"_self\">Voir plus<\/a><\/div><\/div><\/div>\n<div class=\"col-md-4 col-sm-6 col-xs-12 pt-cv-content-item pt-cv-1-col\" ><div class='pt-cv-ifield'><a href=\"https:\/\/cliniqueenroute.com\/fr\/stbbi-clinic-2\/\" class=\"_self pt-cv-href-thumbnail pt-cv-thumb-default\" target=\"_self\" ><img width=\"640\" height=\"428\" src=\"https:\/\/cliniqueenroute.com\/wp-content\/uploads\/2021\/07\/1-2.png\" class=\"pt-cv-thumbnail\" alt=\"\" loading=\"lazy\" srcset=\"https:\/\/cliniqueenroute.com\/wp-content\/uploads\/2021\/07\/1-2.png 1000w, https:\/\/cliniqueenroute.com\/wp-content\/uploads\/2021\/07\/1-2-300x200.png 300w, https:\/\/cliniqueenroute.com\/wp-content\/uploads\/2021\/07\/1-2-768x513.png 768w\" sizes=\"(max-width: 640px) 100vw, 640px\" \/><\/a>\n<h5 class=\"pt-cv-title\"><a href=\"https:\/\/cliniqueenroute.com\/fr\/stbbi-clinic-2\/\" class=\"_self\" target=\"_self\" >Clinique ITSS<\/a><\/h5>\n<div class=\"pt-cv-content\">Le saviez-vous ? Plusieurs personnes ignorent qu'elles sont infect\u00e9es<br \/><a href=\"https:\/\/cliniqueenroute.com\/fr\/stbbi-clinic-2\/\" class=\"_self pt-cv-readmore btn btn-success\" target=\"_self\">Voir plus<\/a><\/div><\/div><\/div><\/div><\/div><\/div>\n<section id=\"custom_html-15\" class=\"widget_text widget widget_custom_html amr_widget\"><h2 class=\"widget-title\">Nos partenaires<\/h2><div class=\"line\"><span><\/span><\/div><div class=\"textwidget custom-html-widget\">\n\t<div class=\"gs_logo_area gs_logo_area_1 slider1\" style=\"opacity: 0; visibility: hidden;\">\n\t\t<div class=\"gs_logo_area--inner\">\n\n\t\t\t\n<div class=\"gs_logo_container gs_carousel_swiper gs_logo_fix_height_and_center\" data-carousel-config='{\"direction\":\"horizontal\",\"speed\":1400,\"isAutoplay\":true,\"autoplayDelay\":2000,\"loop\":true,\"pauseOnHover\":true,\"ticker\":false,\"navs\":true,\"navs_pos\":\"left-right\",\"dots\":false,\"dynamic_dots\":true,\"slideSpace\":10,\"slidesPerGroup\":1,\"desktopLogos\":5,\"tabletLogos\":3,\"mobileLogos\":2,\"reverseDirection\":false}'>\n\n\t\n\t\t\n\t\t\t<div class=\"gs_logo_single--wrapper\">\n\t\t\t\t<div class=\"gs_logo_single\">\n\n\t\t\t\t\t<!-- Logo Title -->\n\t\t\t\t\t<img width=\"221\" height=\"149\" src=\"https:\/\/cliniqueenroute.com\/wp-content\/uploads\/2021\/07\/Logo-Varad.png\" class=\"gs-logo--img wp-post-image\" alt=\"\" loading=\"lazy\" title=\"7\" srcset=\"https:\/\/cliniqueenroute.com\/wp-content\/uploads\/2021\/07\/Logo-Varad.png 221w, https:\/\/cliniqueenroute.com\/wp-content\/uploads\/2021\/07\/Logo-Varad-18x12.png 18w\" sizes=\"(max-width: 221px) 100vw, 221px\" \/>\n\t\t\t\t\t<!-- Logo Title -->\n\t\t\t\t\t\t\t\t\t\t\n\t\t\t\t<\/div>\n\t\t\t<\/div>\n\n\t\t\n\t\t\t<div class=\"gs_logo_single--wrapper\">\n\t\t\t\t<div class=\"gs_logo_single\">\n\n\t\t\t\t\t<!-- Logo Title -->\n\t\t\t\t\t<img width=\"300\" height=\"80\" src=\"https:\/\/cliniqueenroute.com\/wp-content\/uploads\/2021\/07\/client3.png\" class=\"gs-logo--img wp-post-image\" alt=\"\" loading=\"lazy\" title=\"6\" \/>\n\t\t\t\t\t<!-- Logo Title -->\n\t\t\t\t\t\t\t\t\t\t\n\t\t\t\t<\/div>\n\t\t\t<\/div>\n\n\t\t\n\t\t\t<div class=\"gs_logo_single--wrapper\">\n\t\t\t\t<div class=\"gs_logo_single\">\n\n\t\t\t\t\t<!-- Logo Title -->\n\t\t\t\t\t<img width=\"221\" height=\"149\" src=\"https:\/\/cliniqueenroute.com\/wp-content\/uploads\/2021\/07\/Logo-Varad.png\" class=\"gs-logo--img wp-post-image\" alt=\"\" loading=\"lazy\" title=\"5\" srcset=\"https:\/\/cliniqueenroute.com\/wp-content\/uploads\/2021\/07\/Logo-Varad.png 221w, https:\/\/cliniqueenroute.com\/wp-content\/uploads\/2021\/07\/Logo-Varad-18x12.png 18w\" sizes=\"(max-width: 221px) 100vw, 221px\" \/>\n\t\t\t\t\t<!-- Logo Title -->\n\t\t\t\t\t\t\t\t\t\t\n\t\t\t\t<\/div>\n\t\t\t<\/div>\n\n\t\t\n\t\t\t<div class=\"gs_logo_single--wrapper\">\n\t\t\t\t<div class=\"gs_logo_single\">\n\n\t\t\t\t\t<!-- Logo Title -->\n\t\t\t\t\t<img width=\"300\" height=\"89\" src=\"https:\/\/cliniqueenroute.com\/wp-content\/uploads\/2021\/07\/client1-300x89.jpg\" class=\"gs-logo--img wp-post-image\" alt=\"\" loading=\"lazy\" title=\"4\" srcset=\"https:\/\/cliniqueenroute.com\/wp-content\/uploads\/2021\/07\/client1-300x89.jpg 300w, https:\/\/cliniqueenroute.com\/wp-content\/uploads\/2021\/07\/client1-768x228.jpg 768w, https:\/\/cliniqueenroute.com\/wp-content\/uploads\/2021\/07\/client1.jpg 778w\" sizes=\"(max-width: 300px) 100vw, 300px\" \/>\n\t\t\t\t\t<!-- Logo Title -->\n\t\t\t\t\t\t\t\t\t\t\n\t\t\t\t<\/div>\n\t\t\t<\/div>\n\n\t\t\n\t\t\t<div class=\"gs_logo_single--wrapper\">\n\t\t\t\t<div class=\"gs_logo_single\">\n\n\t\t\t\t\t<!-- Logo Title -->\n\t\t\t\t\t<img width=\"300\" height=\"80\" src=\"https:\/\/cliniqueenroute.com\/wp-content\/uploads\/2021\/07\/client3.png\" class=\"gs-logo--img wp-post-image\" alt=\"\" loading=\"lazy\" title=\"3\" \/>\n\t\t\t\t\t<!-- Logo Title -->\n\t\t\t\t\t\t\t\t\t\t\n\t\t\t\t<\/div>\n\t\t\t<\/div>\n\n\t\t\n\t\t\t<div class=\"gs_logo_single--wrapper\">\n\t\t\t\t<div class=\"gs_logo_single\">\n\n\t\t\t\t\t<!-- Logo Title -->\n\t\t\t\t\t<img width=\"221\" height=\"149\" src=\"https:\/\/cliniqueenroute.com\/wp-content\/uploads\/2021\/07\/Logo-Varad.png\" class=\"gs-logo--img wp-post-image\" alt=\"\" loading=\"lazy\" title=\"2\" srcset=\"https:\/\/cliniqueenroute.com\/wp-content\/uploads\/2021\/07\/Logo-Varad.png 221w, https:\/\/cliniqueenroute.com\/wp-content\/uploads\/2021\/07\/Logo-Varad-18x12.png 18w\" sizes=\"(max-width: 221px) 100vw, 221px\" \/>\n\t\t\t\t\t<!-- Logo Title -->\n\t\t\t\t\t\t\t\t\t\t\n\t\t\t\t<\/div>\n\t\t\t<\/div>\n\n\t\t\n\t\t\t<div class=\"gs_logo_single--wrapper\">\n\t\t\t\t<div class=\"gs_logo_single\">\n\n\t\t\t\t\t<!-- Logo Title -->\n\t\t\t\t\t<img width=\"300\" height=\"89\" src=\"https:\/\/cliniqueenroute.com\/wp-content\/uploads\/2021\/07\/client1-300x89.jpg\" class=\"gs-logo--img wp-post-image\" alt=\"\" loading=\"lazy\" title=\"1\" srcset=\"https:\/\/cliniqueenroute.com\/wp-content\/uploads\/2021\/07\/client1-300x89.jpg 300w, https:\/\/cliniqueenroute.com\/wp-content\/uploads\/2021\/07\/client1-768x228.jpg 768w, https:\/\/cliniqueenroute.com\/wp-content\/uploads\/2021\/07\/client1.jpg 778w\" sizes=\"(max-width: 300px) 100vw, 300px\" \/>\n\t\t\t\t\t<!-- Logo Title -->\n\t\t\t\t\t\t\t\t\t\t\n\t\t\t\t<\/div>\n\t\t\t<\/div>\n\n\t\t\t\t\n\t\n<\/div>\n\t\t<\/div>\n\t<\/div>\n\n\t<\/div><\/section>","protected":false},"excerpt":{"rendered":"","protected":false},"author":1,"featured_media":0,"parent":0,"menu_order":32,"comment_status":"closed","ping_status":"closed","template":"","meta":[],"_links":{"self":[{"href":"https:\/\/cliniqueenroute.com\/fr\/wp-json\/wp\/v2\/pages\/50"}],"collection":[{"href":"https:\/\/cliniqueenroute.com\/fr\/wp-json\/wp\/v2\/pages"}],"about":[{"href":"https:\/\/cliniqueenroute.com\/fr\/wp-json\/wp\/v2\/types\/page"}],"author":[{"embeddable":true,"href":"https:\/\/cliniqueenroute.com\/fr\/wp-json\/wp\/v2\/users\/1"}],"replies":[{"embeddable":true,"href":"https:\/\/cliniqueenroute.com\/fr\/wp-json\/wp\/v2\/comments?post=50"}],"version-history":[{"count":3,"href":"https:\/\/cliniqueenroute.com\/fr\/wp-json\/wp\/v2\/pages\/50\/revisions"}],"predecessor-version":[{"id":705,"href":"https:\/\/cliniqueenroute.com\/fr\/wp-json\/wp\/v2\/pages\/50\/revisions\/705"}],"wp:attachment":[{"href":"https:\/\/cliniqueenroute.com\/fr\/wp-json\/wp\/v2\/media?parent=50"}],"curies":[{"name":"wp","href":"https:\/\/api.w.org\/{rel}","templated":true}]}}