{"id":521,"date":"2021-07-06T19:22:37","date_gmt":"2021-07-06T19:22:37","guid":{"rendered":"https:\/\/cliniqueenroute.com\/?page_id=521"},"modified":"2021-08-07T01:57:44","modified_gmt":"2021-08-07T01:57:44","slug":"about-us","status":"publish","type":"page","link":"https:\/\/cliniqueenroute.com\/fr\/about-us\/","title":{"rendered":"\u00c0 propos"},"content":{"rendered":"<p><img loading=\"lazy\" class=\"alignleft wp-image-347 size-full\" src=\"https:\/\/cliniqueenroute.com\/wp-content\/uploads\/2021\/07\/mission.jpg\" alt=\"\" width=\"688\" height=\"525\" srcset=\"https:\/\/cliniqueenroute.com\/wp-content\/uploads\/2021\/07\/mission.jpg 688w, https:\/\/cliniqueenroute.com\/wp-content\/uploads\/2021\/07\/mission-300x229.jpg 300w\" sizes=\"(max-width: 688px) 100vw, 688px\" \/><\/p>\n<h2 class=\"title font-44\">The Best Medics, Doctors &amp; Physicians<\/h2>\n<p>Avec plus de 40 ans d'excellence et quatre emplacements au c\u0153ur de Montr\u00e9al, les cliniques En Route se consacrent \u00e0 fournir des soins de la plus haute qualit\u00e9 \u00e0 leurs patients.<\/p>\n<div class=\"tm-sc-unordered-list mb-40\">\n<ul class=\"list-style-none\">\n<li><i class=\"fa fa-check-circle icon mr-10 text-theme-colored1\"><\/i> Cinq cliniques<\/li>\n<li><i class=\"fa fa-check-circle icon mr-10 text-theme-colored1\"><\/i> Rendez-vous en ligne<\/li>\n<li><i class=\"fa fa-check-circle icon mr-10 text-theme-colored1\"><\/i> More than 50 specialists<\/li>\n<\/ul>\n<h5 class=\"font-weight-400\"><\/h5>\n<\/div>\n<style>\r\n\r\n#wpsm_counter_b_row_188 .wpsm_counterbox\r\n{\r\n\ttext-align:center;\r\n\tmargin-top:50px;\r\n\tmargin-bottom:50px;\r\n}\r\n#wpsm_counter_b_row_188 .wpsm_counterbox .wpsm_count-icon{\r\n\tdisplay:block;\r\n\tmargin-top:20px;\r\n\tpadding-top:0px;\r\n\tpadding-bottom:0px;\r\n\tmargin-bottom:0px;\r\n\tmargin:0 auto;\r\n}\r\n#wpsm_counter_b_row_188 .wpsm_counterbox .wpsm_count-icon i{\r\n\tfont-size:20px;\r\n\tcolor:#e80003;\r\n}\r\n#wpsm_counter_b_row_188 .wpsm_counterbox .wpsm_number{\r\n\tfont-size:18px;\r\n\tfont-weight:400;\r\n\tcolor:#e80003;\r\n\tfont-family:'Open Sans';\r\n\tletter-spacing:2px;\r\n\tmargin-top:20px;\r\n\tline-height: 1.3em;\r\n\tpadding-top:0px;\r\n\tpadding-bottom:0px;\r\n\tmargin-bottom:0px;\r\n}\r\n#wpsm_counter_b_row_188 .wpsm_counterbox .wpsm_count-title{\r\n    font-size:18px;\r\n\tfont-weight:bolder;\r\n\tfont-family:'Open Sans';\r\n\tletter-spacing:2px;\r\n    color: #000000;\r\n\tfont-weight:400;\r\n\tmargin-top:20px;\r\n\tpadding-top:0px;\r\n\tpadding-bottom:0px;\r\n\tmargin-bottom:0px;\r\n\tline-height: 1.3em;\r\n}\r\n\r\n<\/style> \r\n\t\t \r\n\t\t\r\n\t\t<style>\r\n\t\t#wpsm_counter_b_row_188\t\t\t{\r\n\t\t\t\t\r\n\t\t\t\tposition:relative;\r\n\t\t\t\twidth:100%;\r\n\t\t\t\toverflow:hidden;\r\n\t\t\t\ttext-align:center;\r\n\t\t\t}\r\n\t\t\t \r\n\t\t\t#wpsm_counter_b_row_188 .wpsm_row{\r\n\t\t\toverflow:hidden;\r\n\t\t\tdisplay:block;\r\n\t\t\twidth:100%;\r\n\t\t\t} \r\n\t\t\t \r\n\t\t\t#wpsm_counter_b_row_188 .wpsm_row{\r\n\t\t\toverflow:visible;\r\n\t\t\t} \r\n\t\t\t \r\n\t\t\t#wpsm_counter_b_row_188 .wpsm_counterbox .wpsm_count-title{\r\n\t\t\tmin-height:56px;\r\n\t\t\t}}\r\n\t\t\t \r\n\t\t<\/style>\r\n\t\t\r\n\t\t<div class=\"wpsm_counter_b_row\" id=\"wpsm_counter_b_row_188\">\r\n\t\t\t<div>\r\n\t\t\t\t<div class=\"wpsm_row\">\r\n\t\t\r\n\t\t\t\t\t\t<div class=\"wpsm_col-md-4 wpsm_col-sm-6\">\r\n\t\t\t\t\t<div class=\"wpsm_counterbox\">\r\n\t\t\t\t\t\t \r\n\t\t\t\t\t\t<div class=\"wpsm_count-icon\"><i #e80003 class=\"fa fa-hospital-o\"><\/i><\/div>\r\n\t\t\t\t\t\t\t\t\t\t\t\t<div class=\"wpsm_number\" style=\"#e80003\" >\r\n\t\t\t\t\t\t   <span class=\"counter\">6\t\t\t\t\t\t   <\/span>\r\n\t\t\t\t\t\t    \r\n\t\t\t\t\t    <\/div>\r\n\t\t\t\t\t\t<h3 class=\"wpsm_count-title\" #000000> Cliniques m\u00e9dicales<\/h3>\r\n\t\t\t\t\t\t \r\n\t\t\t\t\t<\/div>\r\n\t\t\t\t<\/div>\r\n\t\t\t\t\t\t\t\t\t<div class=\"wpsm_col-md-4 wpsm_col-sm-6\">\r\n\t\t\t\t\t<div class=\"wpsm_counterbox\">\r\n\t\t\t\t\t\t \r\n\t\t\t\t\t\t<div class=\"wpsm_count-icon\"><i #e80003 class=\"fa fa-user-md\"><\/i><\/div>\r\n\t\t\t\t\t\t\t\t\t\t\t\t<div class=\"wpsm_number\" style=\"#e80003\" >\r\n\t\t\t\t\t\t   <span class=\"counter\">100\t\t\t\t\t\t   <\/span>\r\n\t\t\t\t\t\t    \r\n\t\t\t\t\t    <\/div>\r\n\t\t\t\t\t\t<h3 class=\"wpsm_count-title\" #000000> Professionnels de la sant\u00e9<\/h3>\r\n\t\t\t\t\t\t \r\n\t\t\t\t\t<\/div>\r\n\t\t\t\t<\/div>\r\n\t\t\t\t\t\t\t\t\t<div class=\"wpsm_col-md-4 wpsm_col-sm-6\">\r\n\t\t\t\t\t<div class=\"wpsm_counterbox\">\r\n\t\t\t\t\t\t \r\n\t\t\t\t\t\t<div class=\"wpsm_count-icon\"><i #e80003 class=\"fa fa-users\"><\/i><\/div>\r\n\t\t\t\t\t\t\t\t\t\t\t\t<div class=\"wpsm_number\" style=\"#e80003\" >\r\n\t\t\t\t\t\t   <span class=\"counter\">100000\t\t\t\t\t\t   <\/span>\r\n\t\t\t\t\t\t    \r\n\t\t\t\t\t    <\/div>\r\n\t\t\t\t\t\t<h3 class=\"wpsm_count-title\" #000000> Patients par an<\/h3>\r\n\t\t\t\t\t\t \r\n\t\t\t\t\t<\/div>\r\n\t\t\t\t<\/div>\r\n\t\t\t\t\t\t<\/div>\r\n\t\t\t<div class=\"wpsm_row\">\r\n\t\t\t\t\t\t\r\n\t\t\t<\/div>\t\t\t\t<\/div>\r\n\t\t<\/div>\r\n\t\t\r\n\t\n<h1>Nos partenaires<\/h1>\n\n\t<div class=\"gs_logo_area gs_logo_area_1 slider1\" style=\"opacity: 0; visibility: hidden;\">\n\t\t<div class=\"gs_logo_area--inner\">\n\n\t\t\t\n<div class=\"gs_logo_container gs_carousel_swiper gs_logo_fix_height_and_center\" data-carousel-config='{\"direction\":\"horizontal\",\"speed\":1400,\"isAutoplay\":true,\"autoplayDelay\":2000,\"loop\":true,\"pauseOnHover\":true,\"ticker\":false,\"navs\":true,\"navs_pos\":\"left-right\",\"dots\":false,\"dynamic_dots\":true,\"slideSpace\":10,\"slidesPerGroup\":1,\"desktopLogos\":5,\"tabletLogos\":3,\"mobileLogos\":2,\"reverseDirection\":false}'>\n\n\t\n\t\t\n\t\t\t<div class=\"gs_logo_single--wrapper\">\n\t\t\t\t<div class=\"gs_logo_single\">\n\n\t\t\t\t\t<!-- Logo Title -->\n\t\t\t\t\t<img width=\"221\" height=\"149\" src=\"https:\/\/cliniqueenroute.com\/wp-content\/uploads\/2021\/07\/Logo-Varad.png\" class=\"gs-logo--img wp-post-image\" alt=\"\" loading=\"lazy\" title=\"7\" srcset=\"https:\/\/cliniqueenroute.com\/wp-content\/uploads\/2021\/07\/Logo-Varad.png 221w, https:\/\/cliniqueenroute.com\/wp-content\/uploads\/2021\/07\/Logo-Varad-18x12.png 18w\" sizes=\"(max-width: 221px) 100vw, 221px\" \/>\n\t\t\t\t\t<!-- Logo Title -->\n\t\t\t\t\t\t\t\t\t\t\n\t\t\t\t<\/div>\n\t\t\t<\/div>\n\n\t\t\n\t\t\t<div class=\"gs_logo_single--wrapper\">\n\t\t\t\t<div class=\"gs_logo_single\">\n\n\t\t\t\t\t<!-- Logo Title -->\n\t\t\t\t\t<img width=\"300\" height=\"80\" src=\"https:\/\/cliniqueenroute.com\/wp-content\/uploads\/2021\/07\/client3.png\" class=\"gs-logo--img wp-post-image\" alt=\"\" loading=\"lazy\" title=\"6\" \/>\n\t\t\t\t\t<!-- Logo Title -->\n\t\t\t\t\t\t\t\t\t\t\n\t\t\t\t<\/div>\n\t\t\t<\/div>\n\n\t\t\n\t\t\t<div class=\"gs_logo_single--wrapper\">\n\t\t\t\t<div class=\"gs_logo_single\">\n\n\t\t\t\t\t<!-- Logo Title -->\n\t\t\t\t\t<img width=\"221\" height=\"149\" src=\"https:\/\/cliniqueenroute.com\/wp-content\/uploads\/2021\/07\/Logo-Varad.png\" class=\"gs-logo--img wp-post-image\" alt=\"\" loading=\"lazy\" title=\"5\" srcset=\"https:\/\/cliniqueenroute.com\/wp-content\/uploads\/2021\/07\/Logo-Varad.png 221w, https:\/\/cliniqueenroute.com\/wp-content\/uploads\/2021\/07\/Logo-Varad-18x12.png 18w\" sizes=\"(max-width: 221px) 100vw, 221px\" \/>\n\t\t\t\t\t<!-- Logo Title -->\n\t\t\t\t\t\t\t\t\t\t\n\t\t\t\t<\/div>\n\t\t\t<\/div>\n\n\t\t\n\t\t\t<div class=\"gs_logo_single--wrapper\">\n\t\t\t\t<div class=\"gs_logo_single\">\n\n\t\t\t\t\t<!-- Logo Title -->\n\t\t\t\t\t<img width=\"300\" height=\"89\" src=\"https:\/\/cliniqueenroute.com\/wp-content\/uploads\/2021\/07\/client1-300x89.jpg\" class=\"gs-logo--img wp-post-image\" alt=\"\" loading=\"lazy\" title=\"4\" srcset=\"https:\/\/cliniqueenroute.com\/wp-content\/uploads\/2021\/07\/client1-300x89.jpg 300w, https:\/\/cliniqueenroute.com\/wp-content\/uploads\/2021\/07\/client1-768x228.jpg 768w, https:\/\/cliniqueenroute.com\/wp-content\/uploads\/2021\/07\/client1.jpg 778w\" sizes=\"(max-width: 300px) 100vw, 300px\" \/>\n\t\t\t\t\t<!-- Logo Title -->\n\t\t\t\t\t\t\t\t\t\t\n\t\t\t\t<\/div>\n\t\t\t<\/div>\n\n\t\t\n\t\t\t<div class=\"gs_logo_single--wrapper\">\n\t\t\t\t<div class=\"gs_logo_single\">\n\n\t\t\t\t\t<!-- Logo Title -->\n\t\t\t\t\t<img width=\"300\" height=\"80\" src=\"https:\/\/cliniqueenroute.com\/wp-content\/uploads\/2021\/07\/client3.png\" class=\"gs-logo--img wp-post-image\" alt=\"\" loading=\"lazy\" title=\"3\" \/>\n\t\t\t\t\t<!-- Logo Title -->\n\t\t\t\t\t\t\t\t\t\t\n\t\t\t\t<\/div>\n\t\t\t<\/div>\n\n\t\t\n\t\t\t<div class=\"gs_logo_single--wrapper\">\n\t\t\t\t<div class=\"gs_logo_single\">\n\n\t\t\t\t\t<!-- Logo Title -->\n\t\t\t\t\t<img width=\"221\" height=\"149\" src=\"https:\/\/cliniqueenroute.com\/wp-content\/uploads\/2021\/07\/Logo-Varad.png\" class=\"gs-logo--img wp-post-image\" alt=\"\" loading=\"lazy\" title=\"2\" srcset=\"https:\/\/cliniqueenroute.com\/wp-content\/uploads\/2021\/07\/Logo-Varad.png 221w, https:\/\/cliniqueenroute.com\/wp-content\/uploads\/2021\/07\/Logo-Varad-18x12.png 18w\" sizes=\"(max-width: 221px) 100vw, 221px\" \/>\n\t\t\t\t\t<!-- Logo Title -->\n\t\t\t\t\t\t\t\t\t\t\n\t\t\t\t<\/div>\n\t\t\t<\/div>\n\n\t\t\n\t\t\t<div class=\"gs_logo_single--wrapper\">\n\t\t\t\t<div class=\"gs_logo_single\">\n\n\t\t\t\t\t<!-- Logo Title -->\n\t\t\t\t\t<img width=\"300\" height=\"89\" src=\"https:\/\/cliniqueenroute.com\/wp-content\/uploads\/2021\/07\/client1-300x89.jpg\" class=\"gs-logo--img wp-post-image\" alt=\"\" loading=\"lazy\" title=\"1\" srcset=\"https:\/\/cliniqueenroute.com\/wp-content\/uploads\/2021\/07\/client1-300x89.jpg 300w, https:\/\/cliniqueenroute.com\/wp-content\/uploads\/2021\/07\/client1-768x228.jpg 768w, https:\/\/cliniqueenroute.com\/wp-content\/uploads\/2021\/07\/client1.jpg 778w\" sizes=\"(max-width: 300px) 100vw, 300px\" \/>\n\t\t\t\t\t<!-- Logo Title -->\n\t\t\t\t\t\t\t\t\t\t\n\t\t\t\t<\/div>\n\t\t\t<\/div>\n\n\t\t\t\t\n\t\n<\/div>\n\t\t<\/div>\n\t<\/div>","protected":false},"excerpt":{"rendered":"<p>The Best Medics, Doctors &amp; Physicians With more than 40 years of excellence and four locations in the heart of Montreal, En Route clinics are dedicated to providing the highest quality care to their patients. Five clinics Online Appointments More than 50 specialists Our Partners<\/p>","protected":false},"author":1,"featured_media":0,"parent":0,"menu_order":3,"comment_status":"closed","ping_status":"closed","template":"","meta":[],"_links":{"self":[{"href":"https:\/\/cliniqueenroute.com\/fr\/wp-json\/wp\/v2\/pages\/521"}],"collection":[{"href":"https:\/\/cliniqueenroute.com\/fr\/wp-json\/wp\/v2\/pages"}],"about":[{"href":"https:\/\/cliniqueenroute.com\/fr\/wp-json\/wp\/v2\/types\/page"}],"author":[{"embeddable":true,"href":"https:\/\/cliniqueenroute.com\/fr\/wp-json\/wp\/v2\/users\/1"}],"replies":[{"embeddable":true,"href":"https:\/\/cliniqueenroute.com\/fr\/wp-json\/wp\/v2\/comments?post=521"}],"version-history":[{"count":6,"href":"https:\/\/cliniqueenroute.com\/fr\/wp-json\/wp\/v2\/pages\/521\/revisions"}],"predecessor-version":[{"id":733,"href":"https:\/\/cliniqueenroute.com\/fr\/wp-json\/wp\/v2\/pages\/521\/revisions\/733"}],"wp:attachment":[{"href":"https:\/\/cliniqueenroute.com\/fr\/wp-json\/wp\/v2\/media?parent=521"}],"curies":[{"name":"wp","href":"https:\/\/api.w.org\/{rel}","templated":true}]}}