{"id":596,"date":"2021-07-09T10:57:36","date_gmt":"2021-07-09T10:57:36","guid":{"rendered":"https:\/\/cliniqueenroute.com\/?page_id=596"},"modified":"2021-07-10T16:00:41","modified_gmt":"2021-07-10T16:00:41","slug":"corporate-medicine-2","status":"publish","type":"page","link":"https:\/\/cliniqueenroute.com\/fr\/corporate-medicine-2\/","title":{"rendered":"Forfaits Corporatifs"},"content":{"rendered":"<div class=\"row mb-5\">\n<div class=\"col-md-4 m-auto\"><img loading=\"lazy\" class=\"size-full wp-image-574 alignleft\" src=\"https:\/\/cliniqueenroute.com\/wp-content\/uploads\/2021\/07\/silver.png\" alt=\"\" width=\"401\" height=\"408\" \/><\/div>\n<div class=\"col-md-8\">\n<h3>FORFAIT ARGENT<\/h3>\n<h6 class=\"text-theme-colored1\">750$CAN par personne, par an<\/h6>\n<p>Acc\u00e8s rapide \u00e0 un m\u00e9decin g\u00e9n\u00e9raliste et\/ou sp\u00e9cialiste<\/p>\n<ul class=\"list-style-none mt-4\">\n<li><i class=\"fa fa-check-circle icon mr-10 text-theme-colored1\"><\/i>1 test sanguin et urinaire annuel<\/li>\n<li><i class=\"fa fa-check-circle icon mr-10 text-theme-colored1\"><\/i>Acc\u00e8s \u00e0 un num\u00e9ro sp\u00e9cial d\u00e9di\u00e9 en cas d'urgence (pendant les heures d'ouverture)<\/li>\n<li><i class=\"fa fa-check-circle icon mr-10 text-theme-colored1\"><\/i>Acc\u00e8s \u00e0 une vaste gamme de services \u00e0 la carte \u00e0 des prix r\u00e9duits<\/li>\n<\/ul>\n<\/div>\n<\/div>\n<hr \/>\n<div class=\"row my-5\">\n<div class=\"col-md-4 m-auto\"><img loading=\"lazy\" class=\"alignleft size-full wp-image-573\" src=\"https:\/\/cliniqueenroute.com\/wp-content\/uploads\/2021\/07\/gold.png\" alt=\"\" width=\"394\" height=\"414\" \/><\/div>\n<div class=\"col-md-8\">\n<h3>FORFAIT OR<\/h3>\n<h6 class=\"text-theme-colored1\">1500$CAN par personne, par an<\/h6>\n<p>Acc\u00e8s rapide \u00e0 un m\u00e9decin g\u00e9n\u00e9raliste et\/ou sp\u00e9cialiste (avec un d\u00e9lai de 72 heures max.)<\/p>\n<ul class=\"list-style-none mt-4\">\n<li><i class=\"fa fa-check-circle icon mr-10 text-theme-colored1\"><\/i>1 bilan sanguin complet annuel & autres tests n\u00e9cessaires\n<ul class=\"\">\n<li>Les pr\u00e9l\u00e8vements peuvent \u00eatre effectu\u00e9s dans les r\u00e9sidences, l'h\u00f4tel ou dans nos succursales En Route<\/li>\n<\/ul>\n<\/li>\n<li><i class=\"fa fa-check-circle icon mr-10 text-theme-colored1\"><\/i>1 visite\/\u00e9valuation annuelle du groupe Kinatex effectu\u00e9e dans les r\u00e9sidences ou dans les succursales Kinatex<\/li>\n<li><i class=\"fa fa-check-circle icon mr-10 text-theme-colored1\"><\/i>Acc\u00e8s \u00e0 une vaste gamme de services \u00e0 la carte \u00e0 des prix r\u00e9duits<\/li>\n<li><i class=\"fa fa-check-circle icon mr-10 text-theme-colored1\"><\/i>Acc\u00e8s \u00e0 un num\u00e9ro sp\u00e9cial d\u00e9di\u00e9 en cas d'urgence (pendant les heures d'ouverture)<\/li>\n<\/ul>\n<\/div>\n<\/div>\n<hr \/>\n<div class=\"row my-5\">\n<div class=\"col-md-4 m-auto\"><img loading=\"lazy\" class=\"alignleft size-full wp-image-572\" src=\"https:\/\/cliniqueenroute.com\/wp-content\/uploads\/2021\/07\/platinum.png\" alt=\"\" width=\"458\" height=\"452\" srcset=\"https:\/\/cliniqueenroute.com\/wp-content\/uploads\/2021\/07\/platinum.png 458w, https:\/\/cliniqueenroute.com\/wp-content\/uploads\/2021\/07\/platinum-300x296.png 300w\" sizes=\"(max-width: 458px) 100vw, 458px\" \/><\/div>\n<div class=\"col-md-8\">\n<h3>FORFAIT PLATINE<\/h3>\n<h6 class=\"text-theme-colored1\">2500$CAN par personne, par an<\/h6>\n<p>Acc\u00e8s prioritaire \u00e0 un m\u00e9decin g\u00e9n\u00e9raliste et\/ou sp\u00e9cialiste (avec un d\u00e9lai de 24 heures max.)<\/p>\n<ul class=\"list-style-none mt-4\">\n<li><i class=\"fa fa-check-circle icon mr-10 text-theme-colored1\"><\/i>1 bilan sanguin complet annuel & autres tests n\u00e9cessaires<\/li>\n<li><i class=\"fa fa-check-circle icon mr-10 text-theme-colored1\"><\/i>1 bilan sanguin de suivi & autres tests n\u00e9cessaires<\/li>\n<li><i class=\"fa fa-check-circle icon mr-10 text-theme-colored1\"><\/i>Les pr\u00e9l\u00e8vements peuvent \u00eatre effectu\u00e9s dans les r\u00e9sidences, l'h\u00f4tel ou dans nos succursales En Route<\/li>\n<li><i class=\"fa fa-check-circle icon mr-10 text-theme-colored1\"><\/i>1 visite\/\u00e9valuation annuelle de Kinatex effectu\u00e9e dans des r\u00e9sidences ou dans les succursales Kinatex\n<ul class=\"\">\n<li>1 visite de suivi annuelle du groupe Kinatex dans les r\u00e9sidences ou dans les succursales Kinatex<\/li>\n<\/ul>\n<\/li>\n<li><i class=\"fa fa-check-circle icon mr-10 text-theme-colored1\"><\/i>Acc\u00e8s \u00e0 une vaste gamme de services \u00e0 la carte \u00e0 des prix r\u00e9duits<\/li>\n<li><i class=\"fa fa-check-circle icon mr-10 text-theme-colored1\"><\/i>Acc\u00e8s \u00e0 un num\u00e9ro sp\u00e9cial d\u00e9di\u00e9 en cas d\u2019urgence<\/li>\n<\/ul>\n<\/div>\n<\/div>\n<hr \/>\n<div class=\"row mt-5\">\n<div class=\"col-md-4 m-auto\"><img loading=\"lazy\" class=\"alignleft size-full wp-image-571\" src=\"https:\/\/cliniqueenroute.com\/wp-content\/uploads\/2021\/07\/diamond.png\" alt=\"\" width=\"394\" height=\"414\" srcset=\"https:\/\/cliniqueenroute.com\/wp-content\/uploads\/2021\/07\/diamond.png 394w, https:\/\/cliniqueenroute.com\/wp-content\/uploads\/2021\/07\/diamond-286x300.png 286w\" sizes=\"(max-width: 394px) 100vw, 394px\" \/><\/div>\n<div class=\"col-md-8\">\n<h3>FORFAIT DIAMANT<\/h3>\n<h6 class=\"text-theme-colored1\">5000$ CAN par personne, par an<\/h6>\n<p>Acc\u00e8s hautement prioritaire \u00e0 un m\u00e9decin g\u00e9n\u00e9raliste et\/ou sp\u00e9cialiste (avec un d\u00e9lai de 24 heures max.)<\/p>\n<ul class=\"list-style-none mt-4\">\n<li><i class=\"fa fa-check-circle icon mr-10 text-theme-colored1\"><\/i>2 visites annuelles d'une infirmi\u00e8re et\/ou d'un m\u00e9decin dans les r\u00e9sidences de l'h\u00f4tel<\/li>\n<li><i class=\"fa fa-check-circle icon mr-10 text-theme-colored1\"><\/i>2 bilans sanguins complets annuels & autres tests n\u00e9cessaires<\/li>\n<li><i class=\"fa fa-check-circle icon mr-10 text-theme-colored1\"><\/i>Les pr\u00e9l\u00e8vements peuvent \u00eatre effectu\u00e9s dans les r\u00e9sidences, l'h\u00f4tel ou dans nos succursales En Route<\/li>\n<li><i class=\"fa fa-check-circle icon mr-10 text-theme-colored1\"><\/i>2 visites\/\u00e9valuations annuelles du groupe Kinatex dans les r\u00e9sidences ou dans les succursales Kinatex<\/li>\n<li><i class=\"fa fa-check-circle icon mr-10 text-theme-colored1\"><\/i>3e et 4e suivis\/visites annuels du groupe Kinatex dans les r\u00e9sidences ou dans les succursales Kinatex<\/li>\n<li><i class=\"fa fa-check-circle icon mr-10 text-theme-colored1\"><\/i>Acc\u00e8s \u00e0 une vaste gamme de services \u00e0 la carte \u00e0 des prix r\u00e9duits<\/li>\n<li><i class=\"fa fa-check-circle icon mr-10 text-theme-colored1\"><\/i>Acc\u00e8s \u00e0 un num\u00e9ro sp\u00e9cial d\u00e9di\u00e9 en cas d\u2019urgence<\/li>\n<\/ul>\n<\/div>\n<\/div>","protected":false},"excerpt":{"rendered":"<p>We have four different packages for corporate medicine.<\/p>","protected":false},"author":1,"featured_media":659,"parent":0,"menu_order":11,"comment_status":"closed","ping_status":"closed","template":"","meta":[],"_links":{"self":[{"href":"https:\/\/cliniqueenroute.com\/fr\/wp-json\/wp\/v2\/pages\/596"}],"collection":[{"href":"https:\/\/cliniqueenroute.com\/fr\/wp-json\/wp\/v2\/pages"}],"about":[{"href":"https:\/\/cliniqueenroute.com\/fr\/wp-json\/wp\/v2\/types\/page"}],"author":[{"embeddable":true,"href":"https:\/\/cliniqueenroute.com\/fr\/wp-json\/wp\/v2\/users\/1"}],"replies":[{"embeddable":true,"href":"https:\/\/cliniqueenroute.com\/fr\/wp-json\/wp\/v2\/comments?post=596"}],"version-history":[{"count":4,"href":"https:\/\/cliniqueenroute.com\/fr\/wp-json\/wp\/v2\/pages\/596\/revisions"}],"predecessor-version":[{"id":667,"href":"https:\/\/cliniqueenroute.com\/fr\/wp-json\/wp\/v2\/pages\/596\/revisions\/667"}],"wp:featuredmedia":[{"embeddable":true,"href":"https:\/\/cliniqueenroute.com\/fr\/wp-json\/wp\/v2\/media\/659"}],"wp:attachment":[{"href":"https:\/\/cliniqueenroute.com\/fr\/wp-json\/wp\/v2\/media?parent=596"}],"curies":[{"name":"wp","href":"https:\/\/api.w.org\/{rel}","templated":true}]}}