{"id":598,"date":"2021-07-09T11:01:09","date_gmt":"2021-07-09T11:01:09","guid":{"rendered":"https:\/\/cliniqueenroute.com\/?page_id=598"},"modified":"2021-08-08T20:23:38","modified_gmt":"2021-08-08T20:23:38","slug":"cdl-laboratory-2","status":"publish","type":"page","link":"https:\/\/cliniqueenroute.com\/fr\/cdl-laboratory-2\/","title":{"rendered":"Laboratoire CDL"},"content":{"rendered":"<!-- MasterSlider -->\n\t\t<div id=\"P_MS69e5f7b6c7bea\" class=\"master-slider-parent msl ms-parent-id-1\" style=\"max-width:1200px;\">\n\n\t\t\t\n\t\t\t<!-- MasterSlider Main -->\n\t\t\t<div id=\"MS69e5f7b6c7bea\" class=\"master-slider ms-skin-default\" >\n\t\t\t\t \t\t\t\t \n\t\t\t\t<div  class=\"ms-slide\" data-delay=\"3\" data-fill-mode=\"fill\"  >\n\t\t\t\t\t<img src=\"https:\/\/cliniqueenroute.com\/wp-content\/plugins\/master-slider\/public\/assets\/css\/blank.gif\" alt=\"\" title=\"\" data-src=\"https:\/\/cliniqueenroute.com\/wp-content\/uploads\/2021\/07\/2-1200x450.jpg\" \/>\n\n\n\t<div class=\"ms-thumb\" ><div class=\"ms-tab-context\"><div class=&quot;ms-tab-context&quot;><\/div><\/div>\n<\/div>\n\t\t\t\t<\/div>\n\t\t\t\t<div  class=\"ms-slide\" data-delay=\"3\" data-fill-mode=\"fill\"  >\n\t\t\t\t\t<img src=\"https:\/\/cliniqueenroute.com\/wp-content\/plugins\/master-slider\/public\/assets\/css\/blank.gif\" alt=\"\" title=\"\" data-src=\"https:\/\/cliniqueenroute.com\/wp-content\/uploads\/2021\/07\/3-1200x450.jpg\" \/>\n\n\n\t<div class=\"ms-thumb\" ><div class=\"ms-tab-context\"><div class=&quot;ms-tab-context&quot;><\/div><\/div>\n<\/div>\n\t\t\t\t<\/div>\n\t\t\t\t<div  class=\"ms-slide\" data-delay=\"3\" data-fill-mode=\"fill\"  >\n\t\t\t\t\t<img src=\"https:\/\/cliniqueenroute.com\/wp-content\/plugins\/master-slider\/public\/assets\/css\/blank.gif\" alt=\"\" title=\"\" data-src=\"https:\/\/cliniqueenroute.com\/wp-content\/uploads\/2021\/07\/4-1200x450.jpg\" \/>\n\n\n\t<div class=\"ms-thumb\" ><div class=\"ms-tab-context\"><div class=&quot;ms-tab-context&quot;><\/div><\/div>\n<\/div>\n\t\t\t\t<\/div>\n\t\t\t\t<div  class=\"ms-slide\" data-delay=\"3\" data-fill-mode=\"fill\"  >\n\t\t\t\t\t<img src=\"https:\/\/cliniqueenroute.com\/wp-content\/plugins\/master-slider\/public\/assets\/css\/blank.gif\" alt=\"\" title=\"\" data-src=\"https:\/\/cliniqueenroute.com\/wp-content\/uploads\/2021\/07\/1-1200x450.jpg\" \/>\n\n\n\t<div class=\"ms-thumb\" ><div class=\"ms-tab-context\"><div class=&quot;ms-tab-context&quot;><\/div><\/div>\n<\/div>\n\t\t\t\t<\/div>\n\n\t\t\t<\/div>\n\t\t\t<!-- END MasterSlider Main -->\n\n\t\t\t \n\t\t<\/div>\n\t\t<!-- END MasterSlider -->\n\n\t\t<script>\n\t\t(function ( $ ) {\n\t\t\t\"use strict\";\n\n\t\t\t$(function () {\n\t\t\t\tvar masterslider_7bea = new MasterSlider();\n\n\t\t\t\t\/\/ slider controls\n\n\t\t\t\t\/\/ slider setup\n\t\t\t\tmasterslider_7bea.setup(\"MS69e5f7b6c7bea\", {\n\t\t\t\t\t\twidth           : 1200,\n\t\t\t\t\t\theight          : 450,\n\t\t\t\t\t\tminHeight       : 0,\n\t\t\t\t\t\tspace           : 0,\n\t\t\t\t\t\tstart           : 1,\n\t\t\t\t\t\tgrabCursor      : false,\n\t\t\t\t\t\tswipe           : false,\n\t\t\t\t\t\tmouse           : false,\n\t\t\t\t\t\tlayout          : \"boxed\",\n\t\t\t\t\t\twheel           : false,\n\t\t\t\t\t\tautoplay        : true,\n\t\t\t\t\t\tinstantStartLayers:false,\n\t\t\t\t\t\tloop            : true,\n\t\t\t\t\t\tshuffle         : false,\n\t\t\t\t\t\tpreload         : 0,\n\t\t\t\t\t\theightLimit     : true,\n\t\t\t\t\t\tautoHeight      : false,\n\t\t\t\t\t\tsmoothHeight    : true,\n\t\t\t\t\t\tendPause        : false,\n\t\t\t\t\t\toverPause       : true,\n\t\t\t\t\t\tfillMode        : \"fill\",\n\t\t\t\t\t\tcenterControls  : false,\n\t\t\t\t\t\tstartOnAppear   : false,\n\t\t\t\t\t\tlayersMode      : \"center\",\n\t\t\t\t\t\thideLayers      : false,\n\t\t\t\t\t\tfullscreenMargin: 0,\n\t\t\t\t\t\tspeed           : 20,\n\t\t\t\t\t\tdir             : \"h\",\n\t\t\t\t\t\tparallaxMode    : 'swipe',\n\t\t\t\t\t\tview            : \"basic\"\n\t\t\t\t});\n\n\t\t\t\t\n\t\t\t\twindow.masterslider_instances = window.masterslider_instances || [];\n\t\t\t\twindow.masterslider_instances.push( masterslider_7bea );\n\t\t\t });\n\n\t\t})(jQuery);\n\t\t<\/script>\n\n\n<h3 class=\"mt-5 mb-4\">Laboratoire CDL<\/h3>\n<div class=\"row mt-15\">\n<div class=\"col-md-6\"><img loading=\"lazy\" class=\"alignleft size-full wp-image-599\" src=\"https:\/\/cliniqueenroute.com\/wp-content\/uploads\/2021\/07\/681.jpg\" alt=\"\" width=\"741\" height=\"879\" srcset=\"https:\/\/cliniqueenroute.com\/wp-content\/uploads\/2021\/07\/681.jpg 741w, https:\/\/cliniqueenroute.com\/wp-content\/uploads\/2021\/07\/681-253x300.jpg 253w\" sizes=\"(max-width: 741px) 100vw, 741px\" \/><\/div>\n<div class=\"col-md-6\">\n<p class=\"fw-bold\">La clinique collabore avec les laboratoires priv\u00e9s CDL pour offrir un service d'analyse m\u00e9dicale rapide en 24h \u00e0 48h. Vous \u00e9vitez ainsi de longs d\u00e9lais dans votre traitement. Communiquez avec l'une de nos quatre cliniques d\u00e8s maintenant ou passez nous voir entre 7h30 et 16h avec votre requ\u00eate. Une infirmi\u00e8re sera en mesure d'effectuer vos pr\u00e9l\u00e8vements. Notez que le laboratoire vous offre \u00e9galement la possibilit\u00e9 de recevoir vos r\u00e9sultats par courriel.<\/p>\n<ul class=\"mt-4\">\n<li>prise de sang<\/li>\n<li>Culture d'urine<\/li>\n<li>Culture de gorge<\/li>\n<li>D\u00e9pistage ITSS complet<\/li>\n<li>test Pap<\/li>\n<li>\u00c9lectrocardiogramme<\/li>\n<li>Et plus encore\u2026<\/li>\n<\/ul>\n<p><a class=\"featured-button btn btn-primary hidden-xs hidden-sm hidden-xs\" target=\"_blank\" href=\"https:\/\/enroute.portail.medfarsolutions.com\/fr\/login\" rel=\"noopener\">Prendre rendez-vous<\/a><\/p>\n<\/div>\n<\/div>","protected":false},"excerpt":{"rendered":"<p>The clinic collaborates with the private CDL laboratories to offer a rapid medical analysis service in 24 to 48 hours.<\/p>","protected":false},"author":1,"featured_media":237,"parent":0,"menu_order":9,"comment_status":"closed","ping_status":"closed","template":"","meta":[],"_links":{"self":[{"href":"https:\/\/cliniqueenroute.com\/fr\/wp-json\/wp\/v2\/pages\/598"}],"collection":[{"href":"https:\/\/cliniqueenroute.com\/fr\/wp-json\/wp\/v2\/pages"}],"about":[{"href":"https:\/\/cliniqueenroute.com\/fr\/wp-json\/wp\/v2\/types\/page"}],"author":[{"embeddable":true,"href":"https:\/\/cliniqueenroute.com\/fr\/wp-json\/wp\/v2\/users\/1"}],"replies":[{"embeddable":true,"href":"https:\/\/cliniqueenroute.com\/fr\/wp-json\/wp\/v2\/comments?post=598"}],"version-history":[{"count":11,"href":"https:\/\/cliniqueenroute.com\/fr\/wp-json\/wp\/v2\/pages\/598\/revisions"}],"predecessor-version":[{"id":739,"href":"https:\/\/cliniqueenroute.com\/fr\/wp-json\/wp\/v2\/pages\/598\/revisions\/739"}],"wp:featuredmedia":[{"embeddable":true,"href":"https:\/\/cliniqueenroute.com\/fr\/wp-json\/wp\/v2\/media\/237"}],"wp:attachment":[{"href":"https:\/\/cliniqueenroute.com\/fr\/wp-json\/wp\/v2\/media?parent=598"}],"curies":[{"name":"wp","href":"https:\/\/api.w.org\/{rel}","templated":true}]}}