{"id":619,"date":"2021-07-09T14:22:22","date_gmt":"2021-07-09T14:22:22","guid":{"rendered":"https:\/\/cliniqueenroute.com\/?page_id=619"},"modified":"2021-08-25T00:15:03","modified_gmt":"2021-08-25T00:15:03","slug":"medical-specialists-2","status":"publish","type":"page","link":"https:\/\/cliniqueenroute.com\/fr\/medical-specialists-2\/","title":{"rendered":"M\u00e9decins sp\u00e9cialistes"},"content":{"rendered":"<!-- MasterSlider -->\n\t\t<div id=\"P_MS69e394c5cdd2e\" class=\"master-slider-parent msl ms-parent-id-4\" style=\"max-width:1200px;\">\n\n\t\t\t\n\t\t\t<!-- MasterSlider Main -->\n\t\t\t<div id=\"MS69e394c5cdd2e\" class=\"master-slider ms-skin-default\" >\n\t\t\t\t \t\t\t\t \n\t\t\t\t<div  class=\"ms-slide\" data-delay=\"3\" data-fill-mode=\"fill\"  >\n\t\t\t\t\t<img src=\"https:\/\/cliniqueenroute.com\/wp-content\/plugins\/master-slider\/public\/assets\/css\/blank.gif\" alt=\"\" title=\"\" data-src=\"https:\/\/cliniqueenroute.com\/wp-content\/uploads\/2021\/07\/24-1200x450.jpg\" \/>\n\n\n\t<div class=\"ms-thumb\" ><div class=\"ms-tab-context\"><div class=&quot;ms-tab-context&quot;><\/div><\/div>\n<\/div>\n\t\t\t\t<\/div>\n\t\t\t\t<div  class=\"ms-slide\" data-delay=\"3\" data-fill-mode=\"fill\"  >\n\t\t\t\t\t<img src=\"https:\/\/cliniqueenroute.com\/wp-content\/plugins\/master-slider\/public\/assets\/css\/blank.gif\" alt=\"\" title=\"\" data-src=\"https:\/\/cliniqueenroute.com\/wp-content\/uploads\/2021\/07\/6-2-1200x450.jpg\" \/>\n\n\n\t<div class=\"ms-thumb\" ><div class=\"ms-tab-context\"><div class=&quot;ms-tab-context&quot;><\/div><\/div>\n<\/div>\n\t\t\t\t<\/div>\n\t\t\t\t<div  class=\"ms-slide\" data-delay=\"3\" data-fill-mode=\"fill\"  >\n\t\t\t\t\t<img src=\"https:\/\/cliniqueenroute.com\/wp-content\/plugins\/master-slider\/public\/assets\/css\/blank.gif\" alt=\"\" title=\"\" data-src=\"https:\/\/cliniqueenroute.com\/wp-content\/uploads\/2021\/07\/16-1200x450.jpg\" \/>\n\n\n\t<div class=\"ms-thumb\" ><div class=\"ms-tab-context\"><div class=&quot;ms-tab-context&quot;><\/div><\/div>\n<\/div>\n\t\t\t\t<\/div>\n\n\t\t\t<\/div>\n\t\t\t<!-- END MasterSlider Main -->\n\n\t\t\t \n\t\t<\/div>\n\t\t<!-- END MasterSlider -->\n\n\t\t<script>\n\t\t(function ( $ ) {\n\t\t\t\"use strict\";\n\n\t\t\t$(function () {\n\t\t\t\tvar masterslider_dd2e = new MasterSlider();\n\n\t\t\t\t\/\/ slider controls\n\n\t\t\t\t\/\/ slider setup\n\t\t\t\tmasterslider_dd2e.setup(\"MS69e394c5cdd2e\", {\n\t\t\t\t\t\twidth           : 1200,\n\t\t\t\t\t\theight          : 450,\n\t\t\t\t\t\tminHeight       : 0,\n\t\t\t\t\t\tspace           : 0,\n\t\t\t\t\t\tstart           : 1,\n\t\t\t\t\t\tgrabCursor      : false,\n\t\t\t\t\t\tswipe           : false,\n\t\t\t\t\t\tmouse           : false,\n\t\t\t\t\t\tlayout          : \"boxed\",\n\t\t\t\t\t\twheel           : false,\n\t\t\t\t\t\tautoplay        : true,\n\t\t\t\t\t\tinstantStartLayers:false,\n\t\t\t\t\t\tloop            : true,\n\t\t\t\t\t\tshuffle         : false,\n\t\t\t\t\t\tpreload         : 0,\n\t\t\t\t\t\theightLimit     : true,\n\t\t\t\t\t\tautoHeight      : false,\n\t\t\t\t\t\tsmoothHeight    : true,\n\t\t\t\t\t\tendPause        : false,\n\t\t\t\t\t\toverPause       : true,\n\t\t\t\t\t\tfillMode        : \"fill\",\n\t\t\t\t\t\tcenterControls  : false,\n\t\t\t\t\t\tstartOnAppear   : false,\n\t\t\t\t\t\tlayersMode      : \"center\",\n\t\t\t\t\t\thideLayers      : false,\n\t\t\t\t\t\tfullscreenMargin: 0,\n\t\t\t\t\t\tspeed           : 20,\n\t\t\t\t\t\tdir             : \"h\",\n\t\t\t\t\t\tparallaxMode    : 'swipe',\n\t\t\t\t\t\tview            : \"basic\"\n\t\t\t\t});\n\n\t\t\t\t\n\t\t\t\twindow.masterslider_instances = window.masterslider_instances || [];\n\t\t\t\twindow.masterslider_instances.push( masterslider_dd2e );\n\t\t\t });\n\n\t\t})(jQuery);\n\t\t<\/script>\n\n\n<h3 class=\"mt-5 mb-4\">Ce que nous offrons<\/h3>\n<p>Pour r\u00e9pondre \u00e0 vos besoins, la clinique regroupe sous un m\u00eame toit une \u00e9quipe compl\u00e8te de professionnels de la sant\u00e9 motiv\u00e9s offrant une approche multidisciplinaire de la m\u00e9decine.<\/p>\n<div class=\"row font-weight-500\" style=\"font-size: larger;\">\n<div class=\"col-md-4\">\n<ul>\n<li>Allergologue<\/li>\n<li>Cardiologue<\/li>\n<li>Chirurgien g\u00e9n\u00e9ral<\/li>\n<li>Dermatologue<\/li>\n<li>Gyn\u00e9gologue<\/li>\n<li>Hypnologue<\/li>\n<li>Endocrinologue<\/li>\n<\/ul>\n<\/div>\n<div class=\"col-md-4\">\n<ul>\n<li>M\u00e9dico-Esth\u00e9tique<\/li>\n<li>M\u00e9decine g\u00e9n\u00e9rale<\/li>\n<li>Interniste<\/li>\n<li>Neurologue<\/li>\n<li>Nutritionniste<\/li>\n<li>ORL<\/li>\n<\/ul>\n<\/div>\n<div class=\"col-md-4\">\n<ul>\n<li>Orth\u00e9siste<\/li>\n<li>Orthop\u00e9diste<\/li>\n<li>P\u00e9diatre<\/li>\n<li>Psychologue<\/li>\n<li>Voyage Sant\u00e9<\/li>\n<li>Urologue<\/li>\n<\/ul>\n<\/div>\n<\/div>","protected":false},"excerpt":{"rendered":"<p>Pour r\u00e9pondre \u00e0 vos besoins, la clinique regroupe sous un m\u00eame toit une \u00e9quipe compl\u00e8te de professionnels de la sant\u00e9 motiv\u00e9s offrant une approche multidisciplinaire de la m\u00e9decine.<\/p>","protected":false},"author":1,"featured_media":238,"parent":0,"menu_order":7,"comment_status":"closed","ping_status":"closed","template":"","meta":[],"_links":{"self":[{"href":"https:\/\/cliniqueenroute.com\/fr\/wp-json\/wp\/v2\/pages\/619"}],"collection":[{"href":"https:\/\/cliniqueenroute.com\/fr\/wp-json\/wp\/v2\/pages"}],"about":[{"href":"https:\/\/cliniqueenroute.com\/fr\/wp-json\/wp\/v2\/types\/page"}],"author":[{"embeddable":true,"href":"https:\/\/cliniqueenroute.com\/fr\/wp-json\/wp\/v2\/users\/1"}],"replies":[{"embeddable":true,"href":"https:\/\/cliniqueenroute.com\/fr\/wp-json\/wp\/v2\/comments?post=619"}],"version-history":[{"count":2,"href":"https:\/\/cliniqueenroute.com\/fr\/wp-json\/wp\/v2\/pages\/619\/revisions"}],"predecessor-version":[{"id":661,"href":"https:\/\/cliniqueenroute.com\/fr\/wp-json\/wp\/v2\/pages\/619\/revisions\/661"}],"wp:featuredmedia":[{"embeddable":true,"href":"https:\/\/cliniqueenroute.com\/fr\/wp-json\/wp\/v2\/media\/238"}],"wp:attachment":[{"href":"https:\/\/cliniqueenroute.com\/fr\/wp-json\/wp\/v2\/media?parent=619"}],"curies":[{"name":"wp","href":"https:\/\/api.w.org\/{rel}","templated":true}]}}