{"id":815,"date":"2023-06-05T16:13:46","date_gmt":"2023-06-05T16:13:46","guid":{"rendered":"https:\/\/cliniqueenroute.com\/?page_id=815"},"modified":"2023-06-05T22:46:47","modified_gmt":"2023-06-05T22:46:47","slug":"laval","status":"publish","type":"page","link":"https:\/\/cliniqueenroute.com\/fr\/laval\/","title":{"rendered":"Laval"},"content":{"rendered":"<p><img loading=\"lazy\" class=\"wp-image-878 aligncenter\" src=\"https:\/\/cliniqueenroute.com\/wp-content\/uploads\/2023\/06\/Capture-decran-le-2023-06-05-a-16.21.00-1-1-1-300x83.png\" alt=\"\" width=\"1483\" height=\"411\" srcset=\"https:\/\/cliniqueenroute.com\/wp-content\/uploads\/2023\/06\/Capture-decran-le-2023-06-05-a-16.21.00-1-1-1-300x83.png 300w, https:\/\/cliniqueenroute.com\/wp-content\/uploads\/2023\/06\/Capture-decran-le-2023-06-05-a-16.21.00-1-1-1-1024x285.png 1024w, https:\/\/cliniqueenroute.com\/wp-content\/uploads\/2023\/06\/Capture-decran-le-2023-06-05-a-16.21.00-1-1-1-768x214.png 768w, https:\/\/cliniqueenroute.com\/wp-content\/uploads\/2023\/06\/Capture-decran-le-2023-06-05-a-16.21.00-1-1-1-1536x427.png 1536w, https:\/\/cliniqueenroute.com\/wp-content\/uploads\/2023\/06\/Capture-decran-le-2023-06-05-a-16.21.00-1-1-1-18x5.png 18w, https:\/\/cliniqueenroute.com\/wp-content\/uploads\/2023\/06\/Capture-decran-le-2023-06-05-a-16.21.00-1-1-1.png 1920w\" sizes=\"(max-width: 1483px) 100vw, 1483px\" \/><\/p>\n<div class=\"row adress\"><\/div>\n<p>&nbsp;<\/p>\n<div class=\"row adress\">\n<div class=\"col-md-6\">\n<h1 style=\"text-align: center;\">Coordonn\u00e9es<\/h1>\n<p class=\"mb-2\"><span style=\"color: #eb190e;\">T\u00e9l :<\/span> 450-239-4444<\/p>\n<p class=\"mb-2\"><span style=\"color: #eb190e;\">T\u00e9l\u00e9copieur :<\/span> 450-239-4445<\/p>\n<p class=\"mb-2\"><span style=\"color: #eb190e;\">Adresse :<\/span>\u00a03230 Boulevard Cur\u00e9-Labelle, # 305 Laval, Qu\u00e9bec, Canada, H7P 0H9<\/p>\n<\/div>\n<div class=\"col-md-6\">\n<h1 style=\"text-align: center;\">Heures d'ouverture<\/h1>\n<p class=\"mb-2\"><strong><span style=\"color: #eb190e;\">Lundi<\/span> <\/strong>7h30 \u00e0 20h<\/p>\n<p><strong><span style=\"color: #eb190e;\">Mardi \u00e0 jeudi<\/span><\/strong> 7h30 \u00e0 19h<\/p>\n<p class=\"mb-2\"><strong><span style=\"color: #eb190e;\">Vendredi :<\/span><\/strong> 7h30 \u00e0 16h30<\/p>\n<p class=\"mb-2\"><strong><span style=\"color: #eb190e;\">Samedi et Dimanche:<\/span><\/strong> 9h \u00e0 15h<\/p>\n<p class=\"mb-2\"><strong><span style=\"color: #eb190e;\">Rampe d'acc\u00e8s :<\/span><\/strong> OUI<\/p>\n<p class=\"mb-2\"><strong><span style=\"color: #eb190e;\">Ascenseur :<\/span><\/strong> OUI<\/p>\n<p class=\"mb-2\"><strong><span style=\"color: #eb190e;\">Stationnement :<\/span><\/strong> OUI<\/p>\n<\/div>\n<\/div>\n<h1 style=\"text-align: center;\">M\u00e9decins et services offerts<\/h1>\n<p>&nbsp;<\/p>\n<div class=\"row serve\">\n<div class=\"col-md-4\">\n<h5>M\u00e9decins g\u00e9n\u00e9ralistes<\/h5>\n<p class=\"mb-2\">M\u00e9decine familliale<\/p>\n<p class=\"mb-2\">Sans Rendez-vous<\/p>\n<\/div>\n<div class=\"col-md-4\">\n<h5>M\u00e9decins sp\u00e9cialistes<\/h5>\n<p>Pour les 0 \u00e0 18 ans: P\u00e9diatrie, allergologie-immunologie, endocrinologie, chrurgie g\u00e9n\u00e9rale, ORL, urologie et chirurgie orthop\u00e9dique<\/p>\n<\/div>\n<div class=\"col-md-4\">\n<h5>Services<\/h5>\n<p class=\"mb-2\">Laboratoire CDL<\/p>\n<p class=\"mb-2\">Nutritionniste<\/p>\n<p>&nbsp;<\/p>\n<p class=\"mb-2\">\n<\/div>\n<p><iframe loading=\"lazy\" src=\"https:\/\/www.google.com\/maps\/d\/u\/0\/embed?mid=1j5OvsTgsLWOf_zk6v9fkUiiOqQTqkwE&amp;ehbc=2E312F\" width=\"100%\" height=\"480\"><\/iframe><\/p>\n<\/div>","protected":false},"excerpt":{"rendered":"<p>&nbsp; Contact Tel : 450-239-4444 Fax : 450-239-4445 Address :\u00a03230 Boulevard Cur\u00e9-Labelle, # 305 Laval, Qu\u00e9bec, Canada, H7P 0H9 Opening Hours Monday : 7:30 am to 8:00 pm Tuesday to Thursday : 7:30 am to 7:00 pm Friday : 7:30 am to 4:30 pm Saturday &amp; Sunday: 9:00 am to 3:00 pm Access ramp :&hellip;<\/p>","protected":false},"author":1,"featured_media":0,"parent":0,"menu_order":1,"comment_status":"closed","ping_status":"closed","template":"","meta":[],"_links":{"self":[{"href":"https:\/\/cliniqueenroute.com\/fr\/wp-json\/wp\/v2\/pages\/815"}],"collection":[{"href":"https:\/\/cliniqueenroute.com\/fr\/wp-json\/wp\/v2\/pages"}],"about":[{"href":"https:\/\/cliniqueenroute.com\/fr\/wp-json\/wp\/v2\/types\/page"}],"author":[{"embeddable":true,"href":"https:\/\/cliniqueenroute.com\/fr\/wp-json\/wp\/v2\/users\/1"}],"replies":[{"embeddable":true,"href":"https:\/\/cliniqueenroute.com\/fr\/wp-json\/wp\/v2\/comments?post=815"}],"version-history":[{"count":64,"href":"https:\/\/cliniqueenroute.com\/fr\/wp-json\/wp\/v2\/pages\/815\/revisions"}],"predecessor-version":[{"id":890,"href":"https:\/\/cliniqueenroute.com\/fr\/wp-json\/wp\/v2\/pages\/815\/revisions\/890"}],"wp:attachment":[{"href":"https:\/\/cliniqueenroute.com\/fr\/wp-json\/wp\/v2\/media?parent=815"}],"curies":[{"name":"wp","href":"https:\/\/api.w.org\/{rel}","templated":true}]}}